{"id":149,"date":"2012-07-19T08:46:46","date_gmt":"2012-07-19T08:46:46","guid":{"rendered":"https:\/\/www.akustik-forschung.de\/test\/?page_id=149"},"modified":"2014-08-14T09:50:11","modified_gmt":"2014-08-14T09:50:11","slug":"umweltakustik","status":"publish","type":"page","link":"https:\/\/www.akustikforschung.de\/en\/leistungen\/umweltakustik\/","title":{"rendered":"Environmental Acoustics"},"content":{"rendered":"<p><br \/><\/p>","protected":false},"excerpt":{"rendered":"","protected":false},"author":1,"featured_media":1964,"parent":67,"menu_order":3,"comment_status":"open","ping_status":"open","template":"environmental-acoustics.php","meta":{"footnotes":""},"class_list":["post-149","page","type-page","status-publish","has-post-thumbnail","hentry","no-content-parts"],"yoast_head":"<!-- This site is optimized with the Yoast SEO plugin v26.9 - https:\/\/yoast.com\/product\/yoast-seo-wordpress\/ -->\n<title>Umweltakustik - Environmental Acoustics<\/title>\n<meta name=\"description\" content=\"Umweltakustik, L\u00e4rmschutzwand, Schallausbreitung, Schallabstrahlung, Ger\u00e4uschimmssion, Vorbeifahrt, Stra\u00dfenl\u00e4rm, Schienenl\u00e4rm, Rollger\u00e4uschmessung, Fahrbahn\" \/>\n<meta name=\"robots\" content=\"index, follow, max-snippet:-1, max-image-preview:large, max-video-preview:-1\" \/>\n<link rel=\"canonical\" href=\"https:\/\/www.akustikforschung.de\/leistungen\/umweltakustik\/\" \/>\n<meta property=\"og:locale\" content=\"en_US\" \/>\n<meta property=\"og:type\" content=\"article\" \/>\n<meta property=\"og:title\" content=\"Umweltakustik - Environmental Acoustics\" \/>\n<meta property=\"og:description\" content=\"Umweltakustik, L\u00e4rmschutzwand, Schallausbreitung, Schallabstrahlung, Ger\u00e4uschimmssion, Vorbeifahrt, Stra\u00dfenl\u00e4rm, Schienenl\u00e4rm, Rollger\u00e4uschmessung, Fahrbahn\" \/>\n<meta property=\"og:url\" content=\"https:\/\/www.akustikforschung.de\/leistungen\/umweltakustik\/\" \/>\n<meta property=\"og:site_name\" content=\"Gesellschaft f\u00fcr Akustikforschung Dresden mbH\" \/>\n<meta property=\"article:modified_time\" content=\"2014-08-14T09:50:11+00:00\" \/>\n<meta property=\"og:image\" content=\"https:\/\/www.akustikforschung.de\/wp-content\/uploads\/2012\/07\/iStock_000020927624XSmall.jpg\" \/>\n\t<meta property=\"og:image:width\" content=\"297\" \/>\n\t<meta property=\"og:image:height\" content=\"297\" \/>\n\t<meta property=\"og:image:type\" content=\"image\/jpeg\" \/>\n<script type=\"application\/ld+json\" class=\"yoast-schema-graph\">{\"@context\":\"https:\/\/schema.org\",\"@graph\":[{\"@type\":\"WebPage\",\"@id\":\"https:\/\/www.akustikforschung.de\/leistungen\/umweltakustik\/\",\"url\":\"https:\/\/www.akustikforschung.de\/leistungen\/umweltakustik\/\",\"name\":\"Umweltakustik - Environmental Acoustics\",\"isPartOf\":{\"@id\":\"https:\/\/www.akustikforschung.de\/#website\"},\"primaryImageOfPage\":{\"@id\":\"https:\/\/www.akustikforschung.de\/leistungen\/umweltakustik\/#primaryimage\"},\"image\":{\"@id\":\"https:\/\/www.akustikforschung.de\/leistungen\/umweltakustik\/#primaryimage\"},\"thumbnailUrl\":\"https:\/\/www.akustikforschung.de\/wp-content\/uploads\/2012\/07\/iStock_000020927624XSmall.jpg\",\"datePublished\":\"2012-07-19T08:46:46+00:00\",\"dateModified\":\"2014-08-14T09:50:11+00:00\",\"description\":\"Umweltakustik, L\u00e4rmschutzwand, Schallausbreitung, Schallabstrahlung, Ger\u00e4uschimmssion, Vorbeifahrt, Stra\u00dfenl\u00e4rm, Schienenl\u00e4rm, Rollger\u00e4uschmessung, Fahrbahn\",\"breadcrumb\":{\"@id\":\"https:\/\/www.akustikforschung.de\/leistungen\/umweltakustik\/#breadcrumb\"},\"inLanguage\":\"en-US\",\"potentialAction\":[{\"@type\":\"ReadAction\",\"target\":[\"https:\/\/www.akustikforschung.de\/leistungen\/umweltakustik\/\"]}]},{\"@type\":\"ImageObject\",\"inLanguage\":\"en-US\",\"@id\":\"https:\/\/www.akustikforschung.de\/leistungen\/umweltakustik\/#primaryimage\",\"url\":\"https:\/\/www.akustikforschung.de\/wp-content\/uploads\/2012\/07\/iStock_000020927624XSmall.jpg\",\"contentUrl\":\"https:\/\/www.akustikforschung.de\/wp-content\/uploads\/2012\/07\/iStock_000020927624XSmall.jpg\",\"width\":\"297\",\"height\":\"297\"},{\"@type\":\"BreadcrumbList\",\"@id\":\"https:\/\/www.akustikforschung.de\/leistungen\/umweltakustik\/#breadcrumb\",\"itemListElement\":[{\"@type\":\"ListItem\",\"position\":1,\"name\":\"Home\",\"item\":\"https:\/\/www.akustikforschung.de\/\"},{\"@type\":\"ListItem\",\"position\":2,\"name\":\"Leistungen\",\"item\":\"https:\/\/www.akustikforschung.de\/leistungen\/\"},{\"@type\":\"ListItem\",\"position\":3,\"name\":\"Umweltakustik\"}]},{\"@type\":\"WebSite\",\"@id\":\"https:\/\/www.akustikforschung.de\/#website\",\"url\":\"https:\/\/www.akustikforschung.de\/\",\"name\":\"Gesellschaft f\u00fcr Akustikforschung Dresden mbH\",\"description\":\"Research &amp; Development - Test - Consultancy\",\"potentialAction\":[{\"@type\":\"SearchAction\",\"target\":{\"@type\":\"EntryPoint\",\"urlTemplate\":\"https:\/\/www.akustikforschung.de\/?s={search_term_string}\"},\"query-input\":{\"@type\":\"PropertyValueSpecification\",\"valueRequired\":true,\"valueName\":\"search_term_string\"}}],\"inLanguage\":\"en-US\"}]}<\/script>\n<!-- \/ Yoast SEO plugin. -->","yoast_head_json":{"title":"Umweltakustik - Environmental Acoustics","description":"Umweltakustik, L\u00e4rmschutzwand, Schallausbreitung, Schallabstrahlung, Ger\u00e4uschimmssion, Vorbeifahrt, Stra\u00dfenl\u00e4rm, Schienenl\u00e4rm, Rollger\u00e4uschmessung, Fahrbahn","robots":{"index":"index","follow":"follow","max-snippet":"max-snippet:-1","max-image-preview":"max-image-preview:large","max-video-preview":"max-video-preview:-1"},"canonical":"https:\/\/www.akustikforschung.de\/leistungen\/umweltakustik\/","og_locale":"en_US","og_type":"article","og_title":"Umweltakustik - Environmental Acoustics","og_description":"Umweltakustik, L\u00e4rmschutzwand, Schallausbreitung, Schallabstrahlung, Ger\u00e4uschimmssion, Vorbeifahrt, Stra\u00dfenl\u00e4rm, Schienenl\u00e4rm, Rollger\u00e4uschmessung, Fahrbahn","og_url":"https:\/\/www.akustikforschung.de\/leistungen\/umweltakustik\/","og_site_name":"Gesellschaft f\u00fcr Akustikforschung Dresden mbH","article_modified_time":"2014-08-14T09:50:11+00:00","og_image":[{"width":297,"height":297,"url":"https:\/\/www.akustikforschung.de\/wp-content\/uploads\/2012\/07\/iStock_000020927624XSmall.jpg","type":"image\/jpeg"}],"schema":{"@context":"https:\/\/schema.org","@graph":[{"@type":"WebPage","@id":"https:\/\/www.akustikforschung.de\/leistungen\/umweltakustik\/","url":"https:\/\/www.akustikforschung.de\/leistungen\/umweltakustik\/","name":"Umweltakustik - Environmental Acoustics","isPartOf":{"@id":"https:\/\/www.akustikforschung.de\/#website"},"primaryImageOfPage":{"@id":"https:\/\/www.akustikforschung.de\/leistungen\/umweltakustik\/#primaryimage"},"image":{"@id":"https:\/\/www.akustikforschung.de\/leistungen\/umweltakustik\/#primaryimage"},"thumbnailUrl":"https:\/\/www.akustikforschung.de\/wp-content\/uploads\/2012\/07\/iStock_000020927624XSmall.jpg","datePublished":"2012-07-19T08:46:46+00:00","dateModified":"2014-08-14T09:50:11+00:00","description":"Umweltakustik, L\u00e4rmschutzwand, Schallausbreitung, Schallabstrahlung, Ger\u00e4uschimmssion, Vorbeifahrt, Stra\u00dfenl\u00e4rm, Schienenl\u00e4rm, Rollger\u00e4uschmessung, Fahrbahn","breadcrumb":{"@id":"https:\/\/www.akustikforschung.de\/leistungen\/umweltakustik\/#breadcrumb"},"inLanguage":"en-US","potentialAction":[{"@type":"ReadAction","target":["https:\/\/www.akustikforschung.de\/leistungen\/umweltakustik\/"]}]},{"@type":"ImageObject","inLanguage":"en-US","@id":"https:\/\/www.akustikforschung.de\/leistungen\/umweltakustik\/#primaryimage","url":"https:\/\/www.akustikforschung.de\/wp-content\/uploads\/2012\/07\/iStock_000020927624XSmall.jpg","contentUrl":"https:\/\/www.akustikforschung.de\/wp-content\/uploads\/2012\/07\/iStock_000020927624XSmall.jpg","width":"297","height":"297"},{"@type":"BreadcrumbList","@id":"https:\/\/www.akustikforschung.de\/leistungen\/umweltakustik\/#breadcrumb","itemListElement":[{"@type":"ListItem","position":1,"name":"Home","item":"https:\/\/www.akustikforschung.de\/"},{"@type":"ListItem","position":2,"name":"Leistungen","item":"https:\/\/www.akustikforschung.de\/leistungen\/"},{"@type":"ListItem","position":3,"name":"Umweltakustik"}]},{"@type":"WebSite","@id":"https:\/\/www.akustikforschung.de\/#website","url":"https:\/\/www.akustikforschung.de\/","name":"Gesellschaft f\u00fcr Akustikforschung Dresden mbH","description":"Research &amp; Development - Test - Consultancy","potentialAction":[{"@type":"SearchAction","target":{"@type":"EntryPoint","urlTemplate":"https:\/\/www.akustikforschung.de\/?s={search_term_string}"},"query-input":{"@type":"PropertyValueSpecification","valueRequired":true,"valueName":"search_term_string"}}],"inLanguage":"en-US"}]}},"_links":{"self":[{"href":"https:\/\/www.akustikforschung.de\/en\/wp-json\/wp\/v2\/pages\/149","targetHints":{"allow":["GET"]}}],"collection":[{"href":"https:\/\/www.akustikforschung.de\/en\/wp-json\/wp\/v2\/pages"}],"about":[{"href":"https:\/\/www.akustikforschung.de\/en\/wp-json\/wp\/v2\/types\/page"}],"author":[{"embeddable":true,"href":"https:\/\/www.akustikforschung.de\/en\/wp-json\/wp\/v2\/users\/1"}],"replies":[{"embeddable":true,"href":"https:\/\/www.akustikforschung.de\/en\/wp-json\/wp\/v2\/comments?post=149"}],"version-history":[{"count":0,"href":"https:\/\/www.akustikforschung.de\/en\/wp-json\/wp\/v2\/pages\/149\/revisions"}],"up":[{"embeddable":true,"href":"https:\/\/www.akustikforschung.de\/en\/wp-json\/wp\/v2\/pages\/67"}],"wp:featuredmedia":[{"embeddable":true,"href":"https:\/\/www.akustikforschung.de\/en\/wp-json\/wp\/v2\/media\/1964"}],"wp:attachment":[{"href":"https:\/\/www.akustikforschung.de\/en\/wp-json\/wp\/v2\/media?parent=149"}],"curies":[{"name":"wp","href":"https:\/\/api.w.org\/{rel}","templated":true}]}}