{"id":326,"date":"2012-07-20T15:38:10","date_gmt":"2012-07-20T15:38:10","guid":{"rendered":"https:\/\/www.akustik-forschung.de\/test\/?page_id=326"},"modified":"2023-02-14T13:44:43","modified_gmt":"2023-02-14T12:44:43","slug":"kunden","status":"publish","type":"page","link":"https:\/\/www.akustikforschung.de\/en\/unternehmen\/kunden\/","title":{"rendered":"Clients"},"content":{"rendered":"<p>Our clients come to us, because they are confronted with an acoustic problem. We offer them our experience and our resources to help solving these problems. Thereby, the main goal of our work is always to find the most appropriate solution for every client.<\/p>\n<p>To find out what we did for our clients, see our<\/p>\n<p><a class=\"button\" href=\"https:\/\/www.akustikforschung.de\/en\/unternehmen\/fallstudien\/\">Case studies \u00bb<\/a><\/p>\n<p><!--contentpartdivider--><\/p>\n<h4>Clients<\/h4>\n<p>Our clients are among others:<\/p>\n<ul>\n<li>a<sup>3 <\/sup>architekten<\/li>\n<li>Active Sports SA, Luxemburg<\/li>\n<li>air-be-c Beatmungstechnik GmbH<\/li>\n<li>Airbus Operations GmbH<\/li>\n<li>AIT Austrian Institute of Technology, \u00d6sterreich<\/li>\n<li>Alcan Singen GmbH<\/li>\n<li>Alfons Haar Maschinenbau GmbH &amp; Co. KG<\/li>\n<li>ALSTOM POWER GmbH<\/li>\n<li>Aprovis Energy Systems GmbH<\/li>\n<li>A. S. Cr\u00e9ation Tapeten AG<\/li>\n<li>AS-Motor GERMANY GmbH &amp; Co. KG<\/li>\n<li>Audi AG<\/li>\n<li>Autobahndirektion Nordbayern<\/li>\n<li>AXCES BV, Niederlande<\/li>\n<li>BASF Coatings GmbH<\/li>\n<li>BASWA acoustics AG<\/li>\n<li>Bauhaus-Universit\u00e4t Weimar<\/li>\n<li>Benien Produktionstechnik GmbH<\/li>\n<li>Bharat Forge, USA<\/li>\n<li>Bharat Forge Aluminiumtechnik GmbH<\/li>\n<li>BMW AG<\/li>\n<li>BOSIG GmbH<\/li>\n<li>Bowers &#038; Wilkins, Gro\u00dfbritannien<\/li>\n<li>Brandenburgische Technische Universit\u00e4t Cottbus<\/li>\n<li>Bridgestone Europe, Italien<\/li>\n<li>Bundesanstalt f\u00fcr Stra\u00dfenwesen (BASt)<\/li>\n<li>BuS Elektronik GmbH &amp; Co. KG<\/li>\n<li>Carl Zeiss Meditec AG<\/li>\n<li>Carpenter GmbH<\/li>\n<li>Condrac Immobilien GmbH &amp; Co. KG<\/li>\n<li>Cr\u00e9ation Baumann Weberei und F\u00e4rberei AG, Schweiz<\/li>\n<li>Daimler AG<\/li>\n<li>Dana Power Technologies Group<\/li>\n<li>DCL Europe GmbH<\/li>\n<li>Deutsche Werkst\u00e4tten Hellerau GmbH<\/li>\n<li>Deutsches Zentrum f\u00fcr Luft- und Raumfahrt e. V.<\/li>\n<li>Ebersp\u00e4cher Gruppe GmbH &#038; Co. KG<\/li>\n<li>Elastogran GmbH<\/li>\n<li>ElringKlinger AG<\/li>\n<li>Enbi Germany GmbH<\/li>\n<li>Engelhardt GmbH (SES)<\/li>\n<li>ESF Elbe-Stahlwerke Feralpi GmbH<\/li>\n<li>Evonik Degussa GmbH<\/li>\n<li>Festo AG &amp; Co. KG<\/li>\n<li>FISOLAN AG, Schweiz<\/li>\n<li>Fraunhofer-Institut f\u00fcr Bauphysik<\/li>\n<li>Fraunhofer-Institut f\u00fcr Digitale Medientechnologie<\/li>\n<li>Fraunhofer-Institut f\u00fcr Fertigungstechnik und Angewandte Materialforschung<\/li>\n<li>Fraunhofer-Institut f\u00fcr Keramische Technologien und Systeme<\/li>\n<li>Fraunhofer-Institut f\u00fcr Werkzeugmaschinen und Umformtechnik<\/li>\n<li>Friedrich-Alexander-Universit\u00e4t Erlangen-N\u00fcrnberg<\/li>\n<li>Friedrich Boysen GmbH &amp; Co. KG<\/li>\n<li>FUCHS Ingenieur Beton GmbH<\/li>\n<li>Gebr\u00fcder Munzert GmbH &amp; Co. KG<\/li>\n<li>Gemeinde Lengries, Bauamt<\/li>\n<li>Germanischer Lloyd SE<\/li>\n<li>Gerriets GmbH<\/li>\n<li>Getriebe- und Antriebstechnik Wernigerode GmbH<\/li>\n<li>Glatt Systemtechnik GmbH<\/li>\n<li>GMT GmbH<\/li>\n<li>Greiner Perfoam GmbH, \u00d6sterreich<\/li>\n<li>Gross &amp; Perthun GmbH &amp; Co. KG<\/li>\n<li>Gustav Epple Bauunternehmung Dresden<\/li>\n<li>Hako-Werke GmbH<\/li>\n<li>Hans GmbH<\/li>\n<li>Hans Solar GmbH<\/li>\n<li>Happich Automotive GmbH<\/li>\n<li>HEAD acoustics GmbH<\/li>\n<li>Heckmann Maschinenbau und Verfahrenstechnik GmbH<\/li>\n<li>HNL Ingenieur- und Pr\u00fcfgesellschaft mbH<br \/>\n(ehem. Hansa-Nord-Labor GmbH)<\/li>\n<li>Hochschule Luzern, Schweiz<\/li>\n<li>Hochschule M\u00fcnchen<\/li>\n<li>hollomet GmbH<\/li>\n<li>INEOS Manufacturing Deutschland GmbH<\/li>\n<li>Ingenier\u00eda Ac\u00fastica del Cant\u00e1brico, Spanien<\/li>\n<li>Ingenieurgesellschaft PTM Dortmund mbH<\/li>\n<li>Institut f\u00fcr Holztechnologie Dresden gemeinn\u00fctzige GmbH (IHD)<\/li>\n<li>item Industrietechnik GmbH<\/li>\n<li>iproplan<sup>\u00ae<\/sup> Planungsgesellschaft mbH<\/li>\n<li>J. Schmalz GmbH<\/li>\n<li>Jeremias Abgastechnik GmbH (ehem. jeremias GmbH)<\/li>\n<li>Joseph Raab GmbH &#038; Cie. KG<\/li>\n<li>Jungheinrich AG<\/li>\n<li>Kaimann GmbH<\/li>\n<li>KBB Kompressorenbau Bannewitz GmbH<\/li>\n<li>Kinnasand GmbH<\/li>\n<li>Kjellberg Finsterwalde Plasma und Maschinen GmbH<\/li>\n<li>Knauf Insulation d.o.o., Slovenien<\/li>\n<li>Kronopol Zary, Swiss Krono Group<\/li>\n<li>L&#8217;ISOLANTE K-FLEX S.p.A., Italien<\/li>\n<li>Landesamt f\u00fcr Stra\u00dfenbau und Verkehr (LaSuV), Niederlassung Bautzen<\/li>\n<li>Landesbetrieb Stra\u00dfenwesen Brandenburg<\/li>\n<li>Landeshauptstadt Dresden, Umweltamt<\/li>\n<li>Landesstra\u00dfenbaubeh\u00f6rde Sachsen-Anhalt (LSBB)<\/li>\n<li>LANXESS Deutschland GmbH<\/li>\n<li>LB-acoustics Messger\u00e4te GmbH, \u00d6sterreich<\/li>\n<li>Lefa Dresdner Bilderrahmen und Bilder GmbH<\/li>\n<li>Leichtbau-Zentrum Sachsen GmbH<\/li>\n<li>LEIER Baustoffe GmbH &amp; Co KG, \u00d6sterreich<\/li>\n<li>Liadur s.r.o., Tschechien<\/li>\n<li>LuK GmbH &amp; Co. KG<\/li>\n<li>MAN Diesel &amp; Turbo SE<\/li>\n<li>Martin Adam GmbH<\/li>\n<li>Mast-J\u00e4germeister SE<\/li>\n<li>Matelys, Frankreich<\/li>\n<li>MATTH\u00c4I Bauunternehmen GmbH &amp; Co. KG<\/li>\n<li>Max B\u00f6gl Bauservice GmbH und Co. KG<\/li>\n<li>MeisterWerke Schulte GmbH<\/li>\n<li>Miele GmbH<\/li>\n<li>Microflown Technologies, Niederlande<\/li>\n<li>NTB &#8211; Interstaatliche Hochschule f\u00fcr Technik Buchs, Schweiz<\/li>\n<li>numat GmbH<\/li>\n<li>N\u00fcssli (Schweiz) AG<\/li>\n<li>Oberland Mangold GmbH<\/li>\n<li>Odenwald Faserplattenwerk GmbH<\/li>\n<li>Ortrander Eisenh\u00fctte GmbH<\/li>\n<li>PARAT Beteiligungs GmbH<\/li>\n<li>PAV GmbH &amp; Co. KG<\/li>\n<li>PEBA Pr\u00fcfinstitut f\u00fcr Baustoffe GmbH<\/li>\n<li>P+P Schwarzenberger GbR<\/li>\n<li>P+Z Engineering GmbH<\/li>\n<li>Pharmatec GmbH<\/li>\n<li>PLANSEE SE<\/li>\n<li>Polyrit Ltd., Israel<\/li>\n<li>PREFORM GmbH<\/li>\n<li>Procter &amp; Gamble Manufacturing Berlin GmbH<\/li>\n<li>ProFlexTex GmbH<\/li>\n<li>R&amp;M E.M.S. GmbH Engineering Maintenance Services<\/li>\n<li>Recticel NV, Belgien<\/li>\n<li>Rehau AG + Co<\/li>\n<li>Richter lighting technologies GmbH<\/li>\n<li>Robert Bosch GmbH<\/li>\n<li>ROTH-TECHNIK AUSTRIA Ges.m.b.H.<\/li>\n<li>Rudolf Hensel GmbH<\/li>\n<li>RWTH Aachen<\/li>\n<li>S\u00e4chsisches Landesamt f\u00fcr Umwelt, Landwirtschaft und Geologie (LfULG)<\/li>\n<li>S\u00e4chsisches Textilforschungsinstitut e. V. (STFI)<\/li>\n<li>Saint Gobain Isover, Frankreich<\/li>\n<li>Sandler AG<\/li>\n<li>SCHILLER AUTOMATION GmbH &amp; Co. KG<\/li>\n<li>Schmitz-Werke GmbH + Co. KG<\/li>\n<li>Schneiderfilz Schneider GmbH &amp; Co. KG<\/li>\n<li>Schwering &amp; Hasse Elektrodraht GmbH<\/li>\n<li>Sinus Messtechnik GmbH<\/li>\n<li>Sitec Aerospace GmbH<\/li>\n<li>Spandauer Velours GmbH &amp; Co. KG<\/li>\n<li>Sitec Aerospace GmbH<\/li>\n<li>Stadt Chemnitz<\/li>\n<li>Stadt Jena<\/li>\n<li>Stadt K\u00f6ln<\/li>\n<li>Stadt Leipzig<\/li>\n<li>STESAD GmbH<\/li>\n<li>strau\u00df architekten<\/li>\n<li>TDH GmbH<\/li>\n<li>Technick\u00fd a zku\u0161ebn\u00ed \u00fastav stavebn\u00ed Praha (Tzus), Tschechien<\/li>\n<li>Technische Universit\u00e4t Berlin<\/li>\n<li>Technische Universit\u00e4t Bergakademie Freiberg<\/li>\n<li>Technische Universit\u00e4t Braunschweig<\/li>\n<li>Technische Universit\u00e4t Chemnitz<\/li>\n<li>Technische Universit\u00e4t Dresden, Fakult\u00e4t Bauingenieurwesen, Institut f\u00fcr Stadtbauwesen und Stra\u00dfenbau<\/li>\n<li>Technische Universit\u00e4t Dresden, Fakult\u00e4t Bauingenieurwesen, Stra\u00dfenbaulabor<\/li>\n<li>Technische Universit\u00e4t M\u00fcnchen<\/li>\n<li>Tetra Pak Processing GmbH<\/li>\n<li>Textile Lab<\/li>\n<li>The University of Sheffield, Gro\u00dfbritannien, United Kingdom<\/li>\n<li>Trocellen GmbH<\/li>\n<li>ULT AG<\/li>\n<li>Umweltbundesamt (UBA)<\/li>\n<li>Universit\u00e9 Paris-Est Marne-la-Vall\u00e9e (UPEM), Frankreich<\/li>\n<li>USG Corporation, USA<\/li>\n<li>VdS Schadenverh\u00fctung GmbH<\/li>\n<li>VEM Sachsenwerk GmbH<\/li>\n<li>Veritas AG<\/li>\n<li>Vibraplast AG<\/li>\n<li>Vita Baltic International<\/li>\n<li>Volkswagen Deutschland<\/li>\n<li>Webasto AG<\/li>\n<li>Webasto-Edscha Cabrio GmbH<\/li>\n<li>WeGo Systembaustoffe GmbH<\/li>\n<li>Weihe GmbH<\/li>\n<li>Wesemann GmbH<\/li>\n<li>Witt &amp; Sohn AG<\/li>\n<li>Woco Industrietechnik GmbH<\/li>\n<li>Z\u00fcnd Systemtechnik AG, Schweiz<\/li>\n<\/ul>\n<p><!--contentpartdivider--><\/p>","protected":false},"excerpt":{"rendered":"<p>Our clients come to us, because they are confronted with an acoustic problem. We offer them our experience and our [&hellip;]<\/p>\n","protected":false},"author":1,"featured_media":0,"parent":75,"menu_order":0,"comment_status":"open","ping_status":"open","template":"page.php","meta":{"footnotes":""},"class_list":["post-326","page","type-page","status-publish","hentry","has-content-parts","content-parts-5"],"yoast_head":"<!-- This site is optimized with the Yoast SEO plugin v26.9 - https:\/\/yoast.com\/product\/yoast-seo-wordpress\/ -->\n<title>Kunden - Gesellschaft f\u00fcr Akustikforschung Dresden mbH - Clients<\/title>\n<meta name=\"description\" content=\"Kunden, Referenzen - Gesellschaft f\u00fcr Akustikforschung Dresden mbH - Clients, References.\" \/>\n<meta name=\"robots\" content=\"index, follow, max-snippet:-1, max-image-preview:large, max-video-preview:-1\" \/>\n<link rel=\"canonical\" href=\"https:\/\/www.akustikforschung.de\/unternehmen\/kunden\/\" \/>\n<meta property=\"og:locale\" content=\"en_US\" \/>\n<meta property=\"og:type\" content=\"article\" \/>\n<meta property=\"og:title\" content=\"Kunden - Gesellschaft f\u00fcr Akustikforschung Dresden mbH - Clients\" \/>\n<meta property=\"og:description\" content=\"Kunden, Referenzen - Gesellschaft f\u00fcr Akustikforschung Dresden mbH - Clients, References.\" \/>\n<meta property=\"og:url\" content=\"https:\/\/www.akustikforschung.de\/unternehmen\/kunden\/\" \/>\n<meta property=\"og:site_name\" content=\"Gesellschaft f\u00fcr Akustikforschung Dresden mbH\" \/>\n<meta property=\"article:modified_time\" content=\"2023-02-14T12:44:43+00:00\" \/>\n<meta name=\"twitter:label1\" content=\"Est. reading time\" \/>\n\t<meta name=\"twitter:data1\" content=\"8 minutes\" \/>\n<script type=\"application\/ld+json\" class=\"yoast-schema-graph\">{\"@context\":\"https:\/\/schema.org\",\"@graph\":[{\"@type\":\"WebPage\",\"@id\":\"https:\/\/www.akustikforschung.de\/unternehmen\/kunden\/\",\"url\":\"https:\/\/www.akustikforschung.de\/unternehmen\/kunden\/\",\"name\":\"Kunden - Gesellschaft f\u00fcr Akustikforschung Dresden mbH - Clients\",\"isPartOf\":{\"@id\":\"https:\/\/www.akustikforschung.de\/#website\"},\"datePublished\":\"2012-07-20T15:38:10+00:00\",\"dateModified\":\"2023-02-14T12:44:43+00:00\",\"description\":\"Kunden, Referenzen - Gesellschaft f\u00fcr Akustikforschung Dresden mbH - Clients, References.\",\"breadcrumb\":{\"@id\":\"https:\/\/www.akustikforschung.de\/unternehmen\/kunden\/#breadcrumb\"},\"inLanguage\":\"en-US\",\"potentialAction\":[{\"@type\":\"ReadAction\",\"target\":[\"https:\/\/www.akustikforschung.de\/unternehmen\/kunden\/\"]}]},{\"@type\":\"BreadcrumbList\",\"@id\":\"https:\/\/www.akustikforschung.de\/unternehmen\/kunden\/#breadcrumb\",\"itemListElement\":[{\"@type\":\"ListItem\",\"position\":1,\"name\":\"Home\",\"item\":\"https:\/\/www.akustikforschung.de\/\"},{\"@type\":\"ListItem\",\"position\":2,\"name\":\"Unternehmen\",\"item\":\"https:\/\/www.akustikforschung.de\/unternehmen\/\"},{\"@type\":\"ListItem\",\"position\":3,\"name\":\"Kunden\"}]},{\"@type\":\"WebSite\",\"@id\":\"https:\/\/www.akustikforschung.de\/#website\",\"url\":\"https:\/\/www.akustikforschung.de\/\",\"name\":\"Gesellschaft f\u00fcr Akustikforschung Dresden mbH\",\"description\":\"Research &amp; Development - Test - Consultancy\",\"potentialAction\":[{\"@type\":\"SearchAction\",\"target\":{\"@type\":\"EntryPoint\",\"urlTemplate\":\"https:\/\/www.akustikforschung.de\/?s={search_term_string}\"},\"query-input\":{\"@type\":\"PropertyValueSpecification\",\"valueRequired\":true,\"valueName\":\"search_term_string\"}}],\"inLanguage\":\"en-US\"}]}<\/script>\n<!-- \/ Yoast SEO plugin. -->","yoast_head_json":{"title":"Kunden - Gesellschaft f\u00fcr Akustikforschung Dresden mbH - Clients","description":"Kunden, Referenzen - Gesellschaft f\u00fcr Akustikforschung Dresden mbH - Clients, References.","robots":{"index":"index","follow":"follow","max-snippet":"max-snippet:-1","max-image-preview":"max-image-preview:large","max-video-preview":"max-video-preview:-1"},"canonical":"https:\/\/www.akustikforschung.de\/unternehmen\/kunden\/","og_locale":"en_US","og_type":"article","og_title":"Kunden - Gesellschaft f\u00fcr Akustikforschung Dresden mbH - Clients","og_description":"Kunden, Referenzen - Gesellschaft f\u00fcr Akustikforschung Dresden mbH - Clients, References.","og_url":"https:\/\/www.akustikforschung.de\/unternehmen\/kunden\/","og_site_name":"Gesellschaft f\u00fcr Akustikforschung Dresden mbH","article_modified_time":"2023-02-14T12:44:43+00:00","twitter_misc":{"Est. reading time":"8 minutes"},"schema":{"@context":"https:\/\/schema.org","@graph":[{"@type":"WebPage","@id":"https:\/\/www.akustikforschung.de\/unternehmen\/kunden\/","url":"https:\/\/www.akustikforschung.de\/unternehmen\/kunden\/","name":"Kunden - Gesellschaft f\u00fcr Akustikforschung Dresden mbH - Clients","isPartOf":{"@id":"https:\/\/www.akustikforschung.de\/#website"},"datePublished":"2012-07-20T15:38:10+00:00","dateModified":"2023-02-14T12:44:43+00:00","description":"Kunden, Referenzen - Gesellschaft f\u00fcr Akustikforschung Dresden mbH - Clients, References.","breadcrumb":{"@id":"https:\/\/www.akustikforschung.de\/unternehmen\/kunden\/#breadcrumb"},"inLanguage":"en-US","potentialAction":[{"@type":"ReadAction","target":["https:\/\/www.akustikforschung.de\/unternehmen\/kunden\/"]}]},{"@type":"BreadcrumbList","@id":"https:\/\/www.akustikforschung.de\/unternehmen\/kunden\/#breadcrumb","itemListElement":[{"@type":"ListItem","position":1,"name":"Home","item":"https:\/\/www.akustikforschung.de\/"},{"@type":"ListItem","position":2,"name":"Unternehmen","item":"https:\/\/www.akustikforschung.de\/unternehmen\/"},{"@type":"ListItem","position":3,"name":"Kunden"}]},{"@type":"WebSite","@id":"https:\/\/www.akustikforschung.de\/#website","url":"https:\/\/www.akustikforschung.de\/","name":"Gesellschaft f\u00fcr Akustikforschung Dresden mbH","description":"Research &amp; Development - Test - Consultancy","potentialAction":[{"@type":"SearchAction","target":{"@type":"EntryPoint","urlTemplate":"https:\/\/www.akustikforschung.de\/?s={search_term_string}"},"query-input":{"@type":"PropertyValueSpecification","valueRequired":true,"valueName":"search_term_string"}}],"inLanguage":"en-US"}]}},"_links":{"self":[{"href":"https:\/\/www.akustikforschung.de\/en\/wp-json\/wp\/v2\/pages\/326","targetHints":{"allow":["GET"]}}],"collection":[{"href":"https:\/\/www.akustikforschung.de\/en\/wp-json\/wp\/v2\/pages"}],"about":[{"href":"https:\/\/www.akustikforschung.de\/en\/wp-json\/wp\/v2\/types\/page"}],"author":[{"embeddable":true,"href":"https:\/\/www.akustikforschung.de\/en\/wp-json\/wp\/v2\/users\/1"}],"replies":[{"embeddable":true,"href":"https:\/\/www.akustikforschung.de\/en\/wp-json\/wp\/v2\/comments?post=326"}],"version-history":[{"count":2,"href":"https:\/\/www.akustikforschung.de\/en\/wp-json\/wp\/v2\/pages\/326\/revisions"}],"predecessor-version":[{"id":11815,"href":"https:\/\/www.akustikforschung.de\/en\/wp-json\/wp\/v2\/pages\/326\/revisions\/11815"}],"up":[{"embeddable":true,"href":"https:\/\/www.akustikforschung.de\/en\/wp-json\/wp\/v2\/pages\/75"}],"wp:attachment":[{"href":"https:\/\/www.akustikforschung.de\/en\/wp-json\/wp\/v2\/media?parent=326"}],"curies":[{"name":"wp","href":"https:\/\/api.w.org\/{rel}","templated":true}]}}