{"id":328,"date":"2012-07-20T15:38:42","date_gmt":"2012-07-20T15:38:42","guid":{"rendered":"https:\/\/www.akustik-forschung.de\/test\/?page_id=328"},"modified":"2014-08-14T09:45:38","modified_gmt":"2014-08-14T09:45:38","slug":"veroffentlichungen","status":"publish","type":"page","link":"https:\/\/www.akustikforschung.de\/en\/unternehmen\/veroffentlichungen\/","title":{"rendered":"Publications"},"content":{"rendered":"<p>We regularly publish results of our work in various fields of acoustics.<br \/>\n<\/p>","protected":false},"excerpt":{"rendered":"<p>We regularly publish results of our work in various fields of acoustics.<\/p>\n","protected":false},"author":1,"featured_media":0,"parent":75,"menu_order":0,"comment_status":"open","ping_status":"open","template":"publications.php","meta":{"footnotes":""},"class_list":["post-328","page","type-page","status-publish","hentry","no-content-parts"],"yoast_head":"<!-- This site is optimized with the Yoast SEO plugin v26.9 - https:\/\/yoast.com\/product\/yoast-seo-wordpress\/ -->\n<title>Ver\u00f6ffentlichungen - Publications<\/title>\n<meta name=\"description\" content=\"Ver\u00f6ffentlichungen, Ergebnisse, L\u00e4rmminderung, Ger\u00e4uschemission, DAGA\" \/>\n<meta name=\"robots\" content=\"index, follow, max-snippet:-1, max-image-preview:large, max-video-preview:-1\" \/>\n<link rel=\"canonical\" href=\"https:\/\/www.akustikforschung.de\/unternehmen\/veroffentlichungen\/\" \/>\n<meta property=\"og:locale\" content=\"en_US\" \/>\n<meta property=\"og:type\" content=\"article\" \/>\n<meta property=\"og:title\" content=\"Ver\u00f6ffentlichungen - Publications\" \/>\n<meta property=\"og:description\" content=\"Ver\u00f6ffentlichungen, Ergebnisse, L\u00e4rmminderung, Ger\u00e4uschemission, DAGA\" \/>\n<meta property=\"og:url\" content=\"https:\/\/www.akustikforschung.de\/unternehmen\/veroffentlichungen\/\" \/>\n<meta property=\"og:site_name\" content=\"Gesellschaft f\u00fcr Akustikforschung Dresden mbH\" \/>\n<meta property=\"article:modified_time\" content=\"2014-08-14T09:45:38+00:00\" \/>\n<script type=\"application\/ld+json\" class=\"yoast-schema-graph\">{\"@context\":\"https:\/\/schema.org\",\"@graph\":[{\"@type\":\"WebPage\",\"@id\":\"https:\/\/www.akustikforschung.de\/unternehmen\/veroffentlichungen\/\",\"url\":\"https:\/\/www.akustikforschung.de\/unternehmen\/veroffentlichungen\/\",\"name\":\"Ver\u00f6ffentlichungen - Publications\",\"isPartOf\":{\"@id\":\"https:\/\/www.akustikforschung.de\/#website\"},\"datePublished\":\"2012-07-20T15:38:42+00:00\",\"dateModified\":\"2014-08-14T09:45:38+00:00\",\"description\":\"Ver\u00f6ffentlichungen, Ergebnisse, L\u00e4rmminderung, Ger\u00e4uschemission, DAGA\",\"breadcrumb\":{\"@id\":\"https:\/\/www.akustikforschung.de\/unternehmen\/veroffentlichungen\/#breadcrumb\"},\"inLanguage\":\"en-US\",\"potentialAction\":[{\"@type\":\"ReadAction\",\"target\":[\"https:\/\/www.akustikforschung.de\/unternehmen\/veroffentlichungen\/\"]}]},{\"@type\":\"BreadcrumbList\",\"@id\":\"https:\/\/www.akustikforschung.de\/unternehmen\/veroffentlichungen\/#breadcrumb\",\"itemListElement\":[{\"@type\":\"ListItem\",\"position\":1,\"name\":\"Home\",\"item\":\"https:\/\/www.akustikforschung.de\/\"},{\"@type\":\"ListItem\",\"position\":2,\"name\":\"Unternehmen\",\"item\":\"https:\/\/www.akustikforschung.de\/unternehmen\/\"},{\"@type\":\"ListItem\",\"position\":3,\"name\":\"Ver\u00f6ffentlichungen\"}]},{\"@type\":\"WebSite\",\"@id\":\"https:\/\/www.akustikforschung.de\/#website\",\"url\":\"https:\/\/www.akustikforschung.de\/\",\"name\":\"Gesellschaft f\u00fcr Akustikforschung Dresden mbH\",\"description\":\"Research &amp; Development - Test - Consultancy\",\"potentialAction\":[{\"@type\":\"SearchAction\",\"target\":{\"@type\":\"EntryPoint\",\"urlTemplate\":\"https:\/\/www.akustikforschung.de\/?s={search_term_string}\"},\"query-input\":{\"@type\":\"PropertyValueSpecification\",\"valueRequired\":true,\"valueName\":\"search_term_string\"}}],\"inLanguage\":\"en-US\"}]}<\/script>\n<!-- \/ Yoast SEO plugin. -->","yoast_head_json":{"title":"Ver\u00f6ffentlichungen - Publications","description":"Ver\u00f6ffentlichungen, Ergebnisse, L\u00e4rmminderung, Ger\u00e4uschemission, DAGA","robots":{"index":"index","follow":"follow","max-snippet":"max-snippet:-1","max-image-preview":"max-image-preview:large","max-video-preview":"max-video-preview:-1"},"canonical":"https:\/\/www.akustikforschung.de\/unternehmen\/veroffentlichungen\/","og_locale":"en_US","og_type":"article","og_title":"Ver\u00f6ffentlichungen - Publications","og_description":"Ver\u00f6ffentlichungen, Ergebnisse, L\u00e4rmminderung, Ger\u00e4uschemission, DAGA","og_url":"https:\/\/www.akustikforschung.de\/unternehmen\/veroffentlichungen\/","og_site_name":"Gesellschaft f\u00fcr Akustikforschung Dresden mbH","article_modified_time":"2014-08-14T09:45:38+00:00","schema":{"@context":"https:\/\/schema.org","@graph":[{"@type":"WebPage","@id":"https:\/\/www.akustikforschung.de\/unternehmen\/veroffentlichungen\/","url":"https:\/\/www.akustikforschung.de\/unternehmen\/veroffentlichungen\/","name":"Ver\u00f6ffentlichungen - Publications","isPartOf":{"@id":"https:\/\/www.akustikforschung.de\/#website"},"datePublished":"2012-07-20T15:38:42+00:00","dateModified":"2014-08-14T09:45:38+00:00","description":"Ver\u00f6ffentlichungen, Ergebnisse, L\u00e4rmminderung, Ger\u00e4uschemission, DAGA","breadcrumb":{"@id":"https:\/\/www.akustikforschung.de\/unternehmen\/veroffentlichungen\/#breadcrumb"},"inLanguage":"en-US","potentialAction":[{"@type":"ReadAction","target":["https:\/\/www.akustikforschung.de\/unternehmen\/veroffentlichungen\/"]}]},{"@type":"BreadcrumbList","@id":"https:\/\/www.akustikforschung.de\/unternehmen\/veroffentlichungen\/#breadcrumb","itemListElement":[{"@type":"ListItem","position":1,"name":"Home","item":"https:\/\/www.akustikforschung.de\/"},{"@type":"ListItem","position":2,"name":"Unternehmen","item":"https:\/\/www.akustikforschung.de\/unternehmen\/"},{"@type":"ListItem","position":3,"name":"Ver\u00f6ffentlichungen"}]},{"@type":"WebSite","@id":"https:\/\/www.akustikforschung.de\/#website","url":"https:\/\/www.akustikforschung.de\/","name":"Gesellschaft f\u00fcr Akustikforschung Dresden mbH","description":"Research &amp; Development - Test - Consultancy","potentialAction":[{"@type":"SearchAction","target":{"@type":"EntryPoint","urlTemplate":"https:\/\/www.akustikforschung.de\/?s={search_term_string}"},"query-input":{"@type":"PropertyValueSpecification","valueRequired":true,"valueName":"search_term_string"}}],"inLanguage":"en-US"}]}},"_links":{"self":[{"href":"https:\/\/www.akustikforschung.de\/en\/wp-json\/wp\/v2\/pages\/328","targetHints":{"allow":["GET"]}}],"collection":[{"href":"https:\/\/www.akustikforschung.de\/en\/wp-json\/wp\/v2\/pages"}],"about":[{"href":"https:\/\/www.akustikforschung.de\/en\/wp-json\/wp\/v2\/types\/page"}],"author":[{"embeddable":true,"href":"https:\/\/www.akustikforschung.de\/en\/wp-json\/wp\/v2\/users\/1"}],"replies":[{"embeddable":true,"href":"https:\/\/www.akustikforschung.de\/en\/wp-json\/wp\/v2\/comments?post=328"}],"version-history":[{"count":0,"href":"https:\/\/www.akustikforschung.de\/en\/wp-json\/wp\/v2\/pages\/328\/revisions"}],"up":[{"embeddable":true,"href":"https:\/\/www.akustikforschung.de\/en\/wp-json\/wp\/v2\/pages\/75"}],"wp:attachment":[{"href":"https:\/\/www.akustikforschung.de\/en\/wp-json\/wp\/v2\/media?parent=328"}],"curies":[{"name":"wp","href":"https:\/\/api.w.org\/{rel}","templated":true}]}}