{"id":336,"date":"2012-07-20T15:39:58","date_gmt":"2012-07-20T15:39:58","guid":{"rendered":"https:\/\/www.akustik-forschung.de\/test\/?page_id=336"},"modified":"2025-05-06T09:31:04","modified_gmt":"2025-05-06T07:31:04","slug":"stellenangebote","status":"publish","type":"page","link":"https:\/\/www.akustikforschung.de\/en\/unternehmen\/stellenangebote\/","title":{"rendered":"Career"},"content":{"rendered":"<p>On this page, we publish job advertisements, you are able to apply for. Alternatively, we also accept initiative job applications at any time.<\/p>\n<p><!-- Job advertisements Dresden --><\/p>\n<h4>Gesellschaft f\u00fcr Akustikforschung Dresden mbH<\/h4>\n<p>The Gesellschaft f\u00fcr Akustikforschung Dresden mbH works in the fields of machinery acoustics, environmental acoustics as well as architectural acoustics and room acoustics. We offer our clients acoustic measurements, the determination of material parameters, the acoustic design of facilities, machinery, devices and building components as well as consultancy in all matters of acoustics and noise reduction. Beyond that, we develop acoustic measuring equipment and application software.<\/p>\n<p>Our special fields are sound absorbers and silencers, numerical analysis, structure-borne sound, active noise cancellation (ANC) and the technical localization of sound sources. For that reason, for more than 20 years, we are a successful partner of internationally leading companies in the fields of automotive and shipping industry, machinery industry, building and road construction as well as federal and public authorities, Universities and other educational and research institutions.<\/p>\n<h4>Job advertisements Dresden<\/h4>\n<p>Below, you find our current job advertisements in pdf format for download.<\/p>\n<p><!--\nTo extend our team, we are currently looking for a <a title=\"job advertisment job offer job description project engineer technical acoustics Bachelor Master Diploma\" href=\"https:\/\/www.akustikforschung.de\/wp-content\/uploads\/2023\/03\/stellenangebot_projektingenieur_bachelor_master_diplom_technische_akustik_dresden.pdf\"> Project Engineer Technical Acoustics (m\/f\/d)<\/a>.\n\n<a href=\"https:\/\/www.akustikforschung.de\/wp-content\/uploads\/2023\/03\/stellenangebot_projektingenieur_bachelor_master_diplom_technische_akustik_dresden.pdf\" rel=\"attachment wp-att-9484\"><img loading=\"lazy\" decoding=\"async\" class=\"alignleft wp-image-9484\" src=\"https:\/\/www.akustikforschung.de\/wp-content\/uploads\/2019\/05\/stellenangebot_projektingenieur_technische_akustik_dresden.jpg\" alt=\"job advertisment job offer job description project engineer technical acoustics Bachelor Master Diploma\" width=\"150\" height=\"212\" \/><\/a>\n\n\n<div style=\"padding-top: 250px;\">\n--><br \/>\n<!--\nTo extend our team, we are currently looking for a <a title=\"job advertisment job offer job description project Mechatronics engineer Technician\"\" href=\"https:\/\/www.akustikforschung.de\/wp-content\/uploads\/2021\/10\/stellenangebot_mechatroniker_techniker_dresden.pdf\"> Mechatronics engineer \/ Technician (m\/f\/d)<\/a>.\n\n<a href=\"https:\/\/www.akustikforschung.de\/wp-content\/uploads\/2021\/10\/stellenangebot_mechatroniker_techniker_dresden.pdf\" rel=\"attachment wp-att-9484\"><img loading=\"lazy\" decoding=\"async\" class=\"alignleft wp-image-9484\" src=\"https:\/\/www.akustikforschung.de\/wp-content\/uploads\/2019\/04\/stellenangebot_mechatroniker_dresden.jpg\" alt=\"job advertisment job offer job description project Mechatronics engineer Technician\" width=\"150\" height=\"212\" \/><\/a>\n\n\n<div style=\"padding-top: 250px;\">\n--><\/p>\n<h4>Mandatory Internship, Bachelor, Master, Diploma, Voluntary Internship, Student Assistant<\/h4>\n<p>We support young becoming engineers in their studies. We give them the possibility, within their student projects, to participate in interesting and cutting-edge topics of research and development in the fields of technical acoustics, machinery acoustics, engineering acoustics and digital signal processing and we offer them a competent technical mentoring during their work at their mandatory internship, bachelor&#8217;s thesis, master&#8217;s thesis or diploma&#8217;s degree. Within a voluntary internship or a work as student assistant you can gain a deeper impression in the practical work of an acoustic engineer.<\/p>\n<p>In case, you are interested in a mandetory internship or a student project, just contact us. There is never a lack of technical topics, also in case there is no current announcement underneath this rubric on our website.<\/p>\n<p>Currently, we offer you to work at a <a title=\"mandatory internship, bachelor's thesis, master's thesis or diploma's degree with the topic noise in mufflers for air-conditioning plants\" href=\"https:\/\/www.akustikforschung.de\/wp-content\/uploads\/2022\/03\/studienarbeit_geraeusche_schalldaempfer_raumlufttechnische_anlagen_web.pdf\"> mandatory internship \/ bachelor&#8217;s thesis \/ master&#8217;s thesis \/ diploma&#8217;s degree<\/a> with the topic &#8220;Noise in mufflers for air-conditioning plants&#8221;.<\/p>\n<p><a href=\"https:\/\/www.akustikforschung.de\/wp-content\/uploads\/2022\/03\/studienarbeit_geraeusche_schalldaempfer_raumlufttechnische_anlagen_web.pdf\"><img loading=\"lazy\" decoding=\"async\" class=\"alignleft wp-image-11700\" src=\"https:\/\/www.akustikforschung.de\/wp-content\/uploads\/2022\/03\/studienarbeit_geraeusche_schalldaempfer_raumlufttechnische_anlagen.jpg\" alt=\"mandatory internship \/ bachelor's thesis \/ master's thesis \/ diploma's degree with the topic noise inmufflers for air-conditioning plants\" width=\"150\" height=\"212\" \/><\/a><\/p>\n<div style=\"padding-top: 250px;\">\n<p>Currently, we offer you to work at a <a title=\"mandatory internship, bachelor's thesis, master's thesis or diploma's degree with the topic test procedure for sound absorbers for roomacoustical applications\" href=\"https:\/\/www.akustikforschung.de\/wp-content\/uploads\/2022\/03\/studienarbeit_pruefverfahren_schallabsorber_raumakustik_web.pdf\"> mandatory internship \/ bachelor&#8217;s thesis \/ master&#8217;s thesis \/ diploma&#8217;s degree<\/a> with the topic &#8220;Test procedure for sound absorbers for roomacoustical applications&#8221;.<\/p>\n<p><a href=\"https:\/\/www.akustikforschung.de\/wp-content\/uploads\/2022\/03\/studienarbeit_pruefverfahren_schallabsorber_raumakustik_web.pdf\"><img loading=\"lazy\" decoding=\"async\" class=\"alignleft wp-image-11700\" src=\"https:\/\/www.akustikforschung.de\/wp-content\/uploads\/2022\/03\/studienarbeit_pruefverfahren_schallabsorber_raumakustik.jpg\" alt=\"mandatory internship \/ bachelor's thesis \/ master's thesis \/ diploma's degree with the topic test procedure for sound absorbers for roomacoustical applications\" width=\"150\" height=\"212\" \/><\/a><\/p>\n<p><!--\nTo extend our team, we are currently looking for a <a title=\"Stellenausschreibung Stellenangebot Stellenbeschreibung Softwareentwickler Programmierer Matlab\" href=\"https:\/\/www.akustikforschung.de\/wp-content\/uploads\/2019\/04\/stellenangebot_softwareentwickler_programmierer_matlab_dresden.pdf\"> Software Developer \/ Programmer Matlab (m\/f\/d)<\/a>.\n\n<a href=\"https:\/\/www.akustikforschung.de\/wp-content\/uploads\/2019\/04\/stellenangebot_softwareentwickler_programmierer_matlab_dresden.pdf\" rel=\"attachment wp-att-9484\"><img loading=\"lazy\" decoding=\"async\" class=\"alignleft wp-image-9484\" src=\"https:\/\/www.akustikforschung.de\/wp-content\/uploads\/2019\/04\/stellenangebot_softwareentwickler_programmierer_matlab_dresden.jpg\" alt=\"job advertisment job offer job description project software developer \/ programmer Matlab\" width=\"150\" height=\"212\" \/><\/a>\n\n\n<div style=\"padding-top: 250px;\">\n--><\/p>\n<p><!--\nTo extend our team, we are currently looking for a <a title=\"Stellenausschreibung Stellenangebot Stellenbeschreibung Projektingenieur Technische Akustik\" href=\"https:\/\/www.akustikforschung.de\/wp-content\/uploads\/2019\/05\/stellenangebot_projektingenieur_technische_akustik_dresden.pdf\"> Project Engineer Technical Acoustics (m\/f\/d)<\/a>.\n\n<a href=\"https:\/\/www.akustikforschung.de\/wp-content\/uploads\/2019\/05\/stellenangebot_projektingenieur_technische_akustik_dresden.pdf\" rel=\"attachment wp-att-9484\"><img loading=\"lazy\" decoding=\"async\" class=\"alignleft wp-image-9484\" src=\"https:\/\/www.akustikforschung.de\/wp-content\/uploads\/2019\/05\/stellenangebot_projektingenieur_technische_akustik_dresden.jpg\" alt=\"job advertisment job offer job description project engineer technical acoustics\" width=\"150\" height=\"212\" \/><\/a>\n\n\n<div style=\"padding-top: 250px;\">\n--><\/p>\n<p><!-- To extend our team, we are currently looking for a <a title=\"Stellenausschreibung Stellenangebot Stellenbeschreibung Mitarbeiter Sekretariat Sekret\u00e4rin Sekret\u00e4r B\u00fcrokauffrau B\u00fcrokaufmann\" href=\"https:\/\/www.akustikforschung.de\/wp-content\/uploads\/2016\/07\/Stellenausschreibung_Sekretariat.pdf\">Employee for Secretariat (m\/f\/d)<\/a>.\n\n<a href=\"https:\/\/www.akustikforschung.de\/wp-content\/uploads\/2016\/07\/Stellenausschreibung_Sekretariat.pdf\" rel=\"attachment wp-att-9485\"><img loading=\"lazy\" decoding=\"async\" class=\"alignleft wp-image-9485\" src=\"https:\/\/www.akustikforschung.de\/wp-content\/uploads\/2016\/07\/stellenausschreibung_sekretariat.jpg\" alt=\"job advertisment job offer job description project Employee Secretariat secretary office clerk\" width=\"150\" height=\"212\" \/><\/a>\n\n\n<div style=\"padding-top: 250px;\">\n--><\/p>\n<\/div>\n<\/div>\n<p><\/p>","protected":false},"excerpt":{"rendered":"<p>On this page, we publish job advertisements, you are able to apply for. Alternatively, we also accept initiative job applications [&hellip;]<\/p>\n","protected":false},"author":1,"featured_media":0,"parent":75,"menu_order":0,"comment_status":"open","ping_status":"open","template":"page.php","meta":{"footnotes":""},"class_list":["post-336","page","type-page","status-publish","hentry","no-content-parts"],"yoast_head":"<!-- This site is optimized with the Yoast SEO plugin v26.9 - https:\/\/yoast.com\/product\/yoast-seo-wordpress\/ -->\n<title>Stellenangebote, Akustik, Mechatroniker, Techniker, Dresden, Ingenieur<\/title>\n<meta name=\"description\" content=\"Stellenangebote, Stellenausschreibung, Akustik, Ingenieur, Mechatroniker, Techniker, Dresden, Karriere, Praktikum, Bachelor, Master, Job\" \/>\n<meta name=\"robots\" content=\"index, follow, max-snippet:-1, max-image-preview:large, max-video-preview:-1\" \/>\n<link rel=\"canonical\" href=\"https:\/\/www.akustikforschung.de\/unternehmen\/stellenangebote\/\" \/>\n<meta property=\"og:locale\" content=\"en_US\" \/>\n<meta property=\"og:type\" content=\"article\" \/>\n<meta property=\"og:title\" content=\"Stellenangebote, Akustik, Mechatroniker, Techniker, Dresden, Ingenieur\" \/>\n<meta property=\"og:description\" content=\"Stellenangebote, Stellenausschreibung, Akustik, Ingenieur, Mechatroniker, Techniker, Dresden, Karriere, Praktikum, Bachelor, Master, Job\" \/>\n<meta property=\"og:url\" content=\"https:\/\/www.akustikforschung.de\/unternehmen\/stellenangebote\/\" \/>\n<meta property=\"og:site_name\" content=\"Gesellschaft f\u00fcr Akustikforschung Dresden mbH\" \/>\n<meta property=\"article:modified_time\" content=\"2025-05-06T07:31:04+00:00\" \/>\n<meta property=\"og:image\" content=\"https:\/\/www.akustikforschung.de\/wp-content\/uploads\/2019\/05\/stellenangebot_projektingenieur_technische_akustik_dresden.jpg\" \/>\n<meta name=\"twitter:label1\" content=\"Est. reading time\" \/>\n\t<meta name=\"twitter:data1\" content=\"5 minutes\" \/>\n<script type=\"application\/ld+json\" class=\"yoast-schema-graph\">{\"@context\":\"https:\/\/schema.org\",\"@graph\":[{\"@type\":\"WebPage\",\"@id\":\"https:\/\/www.akustikforschung.de\/unternehmen\/stellenangebote\/\",\"url\":\"https:\/\/www.akustikforschung.de\/unternehmen\/stellenangebote\/\",\"name\":\"Stellenangebote, Akustik, Mechatroniker, Techniker, Dresden, Ingenieur\",\"isPartOf\":{\"@id\":\"https:\/\/www.akustikforschung.de\/#website\"},\"primaryImageOfPage\":{\"@id\":\"https:\/\/www.akustikforschung.de\/unternehmen\/stellenangebote\/#primaryimage\"},\"image\":{\"@id\":\"https:\/\/www.akustikforschung.de\/unternehmen\/stellenangebote\/#primaryimage\"},\"thumbnailUrl\":\"https:\/\/www.akustikforschung.de\/wp-content\/uploads\/2019\/05\/stellenangebot_projektingenieur_technische_akustik_dresden.jpg\",\"datePublished\":\"2012-07-20T15:39:58+00:00\",\"dateModified\":\"2025-05-06T07:31:04+00:00\",\"description\":\"Stellenangebote, Stellenausschreibung, Akustik, Ingenieur, Mechatroniker, Techniker, Dresden, Karriere, Praktikum, Bachelor, Master, Job\",\"breadcrumb\":{\"@id\":\"https:\/\/www.akustikforschung.de\/unternehmen\/stellenangebote\/#breadcrumb\"},\"inLanguage\":\"en-US\",\"potentialAction\":[{\"@type\":\"ReadAction\",\"target\":[\"https:\/\/www.akustikforschung.de\/unternehmen\/stellenangebote\/\"]}]},{\"@type\":\"ImageObject\",\"inLanguage\":\"en-US\",\"@id\":\"https:\/\/www.akustikforschung.de\/unternehmen\/stellenangebote\/#primaryimage\",\"url\":\"https:\/\/www.akustikforschung.de\/wp-content\/uploads\/2019\/05\/stellenangebot_projektingenieur_technische_akustik_dresden.jpg\",\"contentUrl\":\"https:\/\/www.akustikforschung.de\/wp-content\/uploads\/2019\/05\/stellenangebot_projektingenieur_technische_akustik_dresden.jpg\"},{\"@type\":\"BreadcrumbList\",\"@id\":\"https:\/\/www.akustikforschung.de\/unternehmen\/stellenangebote\/#breadcrumb\",\"itemListElement\":[{\"@type\":\"ListItem\",\"position\":1,\"name\":\"Home\",\"item\":\"https:\/\/www.akustikforschung.de\/\"},{\"@type\":\"ListItem\",\"position\":2,\"name\":\"Unternehmen\",\"item\":\"https:\/\/www.akustikforschung.de\/unternehmen\/\"},{\"@type\":\"ListItem\",\"position\":3,\"name\":\"Karriere\"}]},{\"@type\":\"WebSite\",\"@id\":\"https:\/\/www.akustikforschung.de\/#website\",\"url\":\"https:\/\/www.akustikforschung.de\/\",\"name\":\"Gesellschaft f\u00fcr Akustikforschung Dresden mbH\",\"description\":\"Research &amp; Development - Test - Consultancy\",\"potentialAction\":[{\"@type\":\"SearchAction\",\"target\":{\"@type\":\"EntryPoint\",\"urlTemplate\":\"https:\/\/www.akustikforschung.de\/?s={search_term_string}\"},\"query-input\":{\"@type\":\"PropertyValueSpecification\",\"valueRequired\":true,\"valueName\":\"search_term_string\"}}],\"inLanguage\":\"en-US\"}]}<\/script>\n<!-- \/ Yoast SEO plugin. -->","yoast_head_json":{"title":"Stellenangebote, Akustik, Mechatroniker, Techniker, Dresden, Ingenieur","description":"Stellenangebote, Stellenausschreibung, Akustik, Ingenieur, Mechatroniker, Techniker, Dresden, Karriere, Praktikum, Bachelor, Master, Job","robots":{"index":"index","follow":"follow","max-snippet":"max-snippet:-1","max-image-preview":"max-image-preview:large","max-video-preview":"max-video-preview:-1"},"canonical":"https:\/\/www.akustikforschung.de\/unternehmen\/stellenangebote\/","og_locale":"en_US","og_type":"article","og_title":"Stellenangebote, Akustik, Mechatroniker, Techniker, Dresden, Ingenieur","og_description":"Stellenangebote, Stellenausschreibung, Akustik, Ingenieur, Mechatroniker, Techniker, Dresden, Karriere, Praktikum, Bachelor, Master, Job","og_url":"https:\/\/www.akustikforschung.de\/unternehmen\/stellenangebote\/","og_site_name":"Gesellschaft f\u00fcr Akustikforschung Dresden mbH","article_modified_time":"2025-05-06T07:31:04+00:00","og_image":[{"url":"https:\/\/www.akustikforschung.de\/wp-content\/uploads\/2019\/05\/stellenangebot_projektingenieur_technische_akustik_dresden.jpg","type":"","width":"","height":""}],"twitter_misc":{"Est. reading time":"5 minutes"},"schema":{"@context":"https:\/\/schema.org","@graph":[{"@type":"WebPage","@id":"https:\/\/www.akustikforschung.de\/unternehmen\/stellenangebote\/","url":"https:\/\/www.akustikforschung.de\/unternehmen\/stellenangebote\/","name":"Stellenangebote, Akustik, Mechatroniker, Techniker, Dresden, Ingenieur","isPartOf":{"@id":"https:\/\/www.akustikforschung.de\/#website"},"primaryImageOfPage":{"@id":"https:\/\/www.akustikforschung.de\/unternehmen\/stellenangebote\/#primaryimage"},"image":{"@id":"https:\/\/www.akustikforschung.de\/unternehmen\/stellenangebote\/#primaryimage"},"thumbnailUrl":"https:\/\/www.akustikforschung.de\/wp-content\/uploads\/2019\/05\/stellenangebot_projektingenieur_technische_akustik_dresden.jpg","datePublished":"2012-07-20T15:39:58+00:00","dateModified":"2025-05-06T07:31:04+00:00","description":"Stellenangebote, Stellenausschreibung, Akustik, Ingenieur, Mechatroniker, Techniker, Dresden, Karriere, Praktikum, Bachelor, Master, Job","breadcrumb":{"@id":"https:\/\/www.akustikforschung.de\/unternehmen\/stellenangebote\/#breadcrumb"},"inLanguage":"en-US","potentialAction":[{"@type":"ReadAction","target":["https:\/\/www.akustikforschung.de\/unternehmen\/stellenangebote\/"]}]},{"@type":"ImageObject","inLanguage":"en-US","@id":"https:\/\/www.akustikforschung.de\/unternehmen\/stellenangebote\/#primaryimage","url":"https:\/\/www.akustikforschung.de\/wp-content\/uploads\/2019\/05\/stellenangebot_projektingenieur_technische_akustik_dresden.jpg","contentUrl":"https:\/\/www.akustikforschung.de\/wp-content\/uploads\/2019\/05\/stellenangebot_projektingenieur_technische_akustik_dresden.jpg"},{"@type":"BreadcrumbList","@id":"https:\/\/www.akustikforschung.de\/unternehmen\/stellenangebote\/#breadcrumb","itemListElement":[{"@type":"ListItem","position":1,"name":"Home","item":"https:\/\/www.akustikforschung.de\/"},{"@type":"ListItem","position":2,"name":"Unternehmen","item":"https:\/\/www.akustikforschung.de\/unternehmen\/"},{"@type":"ListItem","position":3,"name":"Karriere"}]},{"@type":"WebSite","@id":"https:\/\/www.akustikforschung.de\/#website","url":"https:\/\/www.akustikforschung.de\/","name":"Gesellschaft f\u00fcr Akustikforschung Dresden mbH","description":"Research &amp; Development - Test - Consultancy","potentialAction":[{"@type":"SearchAction","target":{"@type":"EntryPoint","urlTemplate":"https:\/\/www.akustikforschung.de\/?s={search_term_string}"},"query-input":{"@type":"PropertyValueSpecification","valueRequired":true,"valueName":"search_term_string"}}],"inLanguage":"en-US"}]}},"_links":{"self":[{"href":"https:\/\/www.akustikforschung.de\/en\/wp-json\/wp\/v2\/pages\/336","targetHints":{"allow":["GET"]}}],"collection":[{"href":"https:\/\/www.akustikforschung.de\/en\/wp-json\/wp\/v2\/pages"}],"about":[{"href":"https:\/\/www.akustikforschung.de\/en\/wp-json\/wp\/v2\/types\/page"}],"author":[{"embeddable":true,"href":"https:\/\/www.akustikforschung.de\/en\/wp-json\/wp\/v2\/users\/1"}],"replies":[{"embeddable":true,"href":"https:\/\/www.akustikforschung.de\/en\/wp-json\/wp\/v2\/comments?post=336"}],"version-history":[{"count":28,"href":"https:\/\/www.akustikforschung.de\/en\/wp-json\/wp\/v2\/pages\/336\/revisions"}],"predecessor-version":[{"id":12401,"href":"https:\/\/www.akustikforschung.de\/en\/wp-json\/wp\/v2\/pages\/336\/revisions\/12401"}],"up":[{"embeddable":true,"href":"https:\/\/www.akustikforschung.de\/en\/wp-json\/wp\/v2\/pages\/75"}],"wp:attachment":[{"href":"https:\/\/www.akustikforschung.de\/en\/wp-json\/wp\/v2\/media?parent=336"}],"curies":[{"name":"wp","href":"https:\/\/api.w.org\/{rel}","templated":true}]}}