{"id":75,"date":"2012-07-18T13:35:26","date_gmt":"2012-07-18T13:35:26","guid":{"rendered":"https:\/\/www.akustik-forschung.de\/test\/?page_id=75"},"modified":"2023-09-27T13:26:45","modified_gmt":"2023-09-27T11:26:45","slug":"unternehmen","status":"publish","type":"page","link":"https:\/\/www.akustikforschung.de\/en\/unternehmen\/","title":{"rendered":"Company"},"content":{"rendered":"<p>The Gesellschaft f\u00fcr Akustikforschung Dresden mbH was founded as an independent company in 2002 by engineers formerly working for many years at the renowned chair of acoustics at the University of Technology Dresden. Since then, numerous projects have been successfully carried out for a multitude of clients in the fields of traffic noise, architectural acoustics, room acoustics and noise reduction of machines and vehicles. Our special fields are sound absorbers and silencers, numerical analysis, structure-borne sound, active noise cancellation (ANC) and the technical localization of sound sources.<\/p>\n<p>The most important basis for the successful work of the company is the long-standing experience of its founders and the staff in the field of acoustics. This knowledge is fully exploited in all projects. Its ongoing research efforts serve to keep the company up-to-date in all fields. Furthermore, the company relies on a permanent and intense cooperation with a network of institutes of the Fraunhofer-Gesellschaft and the University of Technology Dresden. This combination &#8211; efficiency paired with a high degree of innovation &#8211; leads to a profit for our clients.<\/p>\n<p>Therefore, since more than 20 years, we are a successful partner of internationally leading companies in the fields of automotive and shipping industry, machinery industry, building and road construction as well as federal and public authorities, Universities and other educational and research institutions.<\/p>\n<h4>Services &#8211; Acoustics<\/h4>\n<p>The Gesellschaft f\u00fcr Akustikforschung Dresden mbH acts in the various fields of acoustics and offers its clients an extensive range of services. These include acoustic measurements and the determination of material parameters as well as consultancy in all matters of acoustics and noise reduction. Furthermore, the company offers optimized acoustic and vibrational solutions for the design of facilities, machines and their components. The company also designs and develops prototypes as well as acoustic measuring equipment on demand.<\/p>\n<p>Our fields of work include among other things:<\/p>\n<ul>\n<li><a href=\"https:\/\/www.akustikforschung.de\/en\/leistungen\/bau-und-raumakustik\/\">Architectural Acoustics<\/a>\n<ul>\n<li><a href=\"https:\/\/www.akustikforschung.de\/en\/leistungen\/bau-und-raumakustik\/bauakustik\/\">Building Acoustics<\/a><\/li>\n<li><a href=\"https:\/\/www.akustikforschung.de\/en\/leistungen\/bau-und-raumakustik\/raumakustik\/\">Room Acoustics<\/a><\/li>\n<\/ul>\n<\/li>\n<li><a href=\"https:\/\/www.akustikforschung.de\/en\/leistungen\/maschinenakustik\/\">Machinery Acoustics<\/a>\n<ul>\n<li><a href=\"https:\/\/www.akustikforschung.de\/en\/leistungen\/maschinenakustik\/lokalisation\/\">Localization<\/a><\/li>\n<li><a href=\"https:\/\/www.akustikforschung.de\/en\/leistungen\/maschinenakustik\/larmminderung\/\">Noise Reduction<\/a><\/li>\n<li><a href=\"https:\/\/www.akustikforschung.de\/en\/leistungen\/maschinenakustik\/schalldampfer\/\">Mufflers and Silencers<\/a><\/li>\n<li><a href=\"https:\/\/www.akustikforschung.de\/en\/leistungen\/maschinenakustik\/schallabsorber\/\">Sound Absorbers<\/a><\/li>\n<li><a href=\"https:\/\/www.akustikforschung.de\/en\/leistungen\/maschinenakustik\/strukturanalyse\/\">Structural Analysis<\/a><\/li>\n<li><a href=\"https:\/\/www.akustikforschung.de\/en\/leistungen\/maschinenakustik\/psychoakustik\/\">Psychoacoustics<\/a><\/li>\n<\/ul>\n<\/li>\n<li><a href=\"https:\/\/www.akustikforschung.de\/en\/leistungen\/umweltakustik\/\">Environmental Acoustics<\/a>\n<ul>\n<li><a href=\"https:\/\/www.akustikforschung.de\/en\/leistungen\/umweltakustik\/strassenlarm\/\">Road Noise<\/a><\/li>\n<li><a href=\"https:\/\/www.akustikforschung.de\/en\/leistungen\/umweltakustik\/schienenlarm\/\">Rail Noise<\/a><\/li>\n<li><a href=\"https:\/\/www.akustikforschung.de\/en\/leistungen\/umweltakustik\/immissionsprognose\/\">Prognosis of Noise Immission<\/a><\/li>\n<\/ul>\n<\/li>\n<\/ul>\n<h4>Products &#8211; Acoustics<\/h4>\n<p>The staff of the Gesellschaft f\u00fcr Akustikforschung Dresden mbH possesses profound knowledge and experience in the field of design as well as implementation of algorithms and processes on the basis of flow charts. During the continuing pursuit of research projects, acoustic procedures and solutions have been developed that were realized in measuring instruments and software packages.<\/p>\n<ul>\n<li><a href=\"https:\/\/www.akustikforschung.de\/en\/produkte\/messgerate\/stromungswiderstandsmessgerat-aed-300-acoustiflow\/\">Airflow resistivity meter AcoustiFlow<sup>\u00ae<\/sup><\/a><\/li>\n<li><a href=\"https:\/\/www.akustikforschung.de\/en\/produkte\/messgerate\/schallabsorptionsmessgerat-aed-800\/\">Sound absorption meter AcoustiAdrienne<\/a><\/li>\n<li><a href=\"https:\/\/www.akustikforschung.de\/en\/produkte\/messgerate\/impedanzrohr-aed-1000-acoustitube\/\">Impedance tube AcoustiTube<sup>\u00ae<\/sup><\/a><\/li>\n<li><a href=\"https:\/\/www.akustikforschung.de\/en\/produkte\/schalldampfer-prufstand-aed-1400-acoustitube-hightemp\/\">Test setup for mufflers AcoustiTube<sup>\u00ae HighTemp<\/sup><\/a><\/li>\n<li><a href=\"https:\/\/www.akustikforschung.de\/en\/produkte\/messgerate\/eigenfrequenz-pruefstand-acoustinf\/\">Test setup for eigenfrequencies AcoustiNF<\/a><\/li>\n<li><a href=\"https:\/\/www.akustikforschung.de\/en\/produkte\/messgerate\/akustische-kamera-aed-7000-acousticam\/\">Acoustic camera AcoustiCam<sup>\u00ae<\/sup><\/a><\/li>\n<li><a href=\"https:\/\/www.akustikforschung.de\/en\/produkte\/software\/schalldampfer-software-aed-8001-acousticalc\/\">Muffler software AcoustiCalc<sup>\u00ae Silencer<\/sup><\/a><\/li>\n<li><a href=\"https:\/\/www.akustikforschung.de\/en\/produkte\/software\/schallabsorber-software-aed-3001-acousticalc-absorber\/\">Sound absorber software AcoustiCalc<sup>\u00ae Absorber<\/sup><\/a><\/li>\n<\/ul>\n<p>Our measuring systems and simulation software are widely applied in the area of research of Universities as well as industrial development and quality control of materials and systems for noise reduction.<\/p>\n<p><!--\nFor foreign distribution of the products, the Gesellschaft f\u00fcr Akustikforschung Dresden mbH has especially access to the international distribution network of the <a href=\"https:\/\/www.sinusmess.de\">SINUS Messtechnik GmbH<\/a>.\n--><\/p>","protected":false},"excerpt":{"rendered":"<p>The Gesellschaft f\u00fcr Akustikforschung Dresden mbH was founded as an independent company in 2002 by engineers formerly working for many [&hellip;]<\/p>\n","protected":false},"author":1,"featured_media":0,"parent":0,"menu_order":0,"comment_status":"open","ping_status":"open","template":"page.php","meta":{"footnotes":""},"class_list":["post-75","page","type-page","status-publish","hentry","no-content-parts"],"yoast_head":"<!-- This site is optimized with the Yoast SEO plugin v26.9 - https:\/\/yoast.com\/product\/yoast-seo-wordpress\/ -->\n<title>Unternehmen - Akustikforschung Dresden - AED - Akustik<\/title>\n<meta name=\"description\" content=\"Akustik, L\u00e4rmminderung an Maschinen, Schallabsorber, Schalld\u00e4mpfer, numerische Berechnung, K\u00f6rperschall, Ortung von Schallquellen, Verkehrsl\u00e4rm, Messung\" \/>\n<meta name=\"robots\" content=\"index, follow, max-snippet:-1, max-image-preview:large, max-video-preview:-1\" \/>\n<link rel=\"canonical\" href=\"https:\/\/www.akustikforschung.de\/unternehmen\/\" \/>\n<meta property=\"og:locale\" content=\"en_US\" \/>\n<meta property=\"og:type\" content=\"article\" \/>\n<meta property=\"og:title\" content=\"Unternehmen - Akustikforschung Dresden - AED - Akustik\" \/>\n<meta property=\"og:description\" content=\"Akustik, L\u00e4rmminderung an Maschinen, Schallabsorber, Schalld\u00e4mpfer, numerische Berechnung, K\u00f6rperschall, Ortung von Schallquellen, Verkehrsl\u00e4rm, Messung\" \/>\n<meta property=\"og:url\" content=\"https:\/\/www.akustikforschung.de\/unternehmen\/\" \/>\n<meta property=\"og:site_name\" content=\"Gesellschaft f\u00fcr Akustikforschung Dresden mbH\" \/>\n<meta property=\"article:modified_time\" content=\"2023-09-27T11:26:45+00:00\" \/>\n<meta name=\"twitter:label1\" content=\"Est. reading time\" \/>\n\t<meta name=\"twitter:data1\" content=\"3 minutes\" \/>\n<script type=\"application\/ld+json\" class=\"yoast-schema-graph\">{\"@context\":\"https:\/\/schema.org\",\"@graph\":[{\"@type\":\"WebPage\",\"@id\":\"https:\/\/www.akustikforschung.de\/unternehmen\/\",\"url\":\"https:\/\/www.akustikforschung.de\/unternehmen\/\",\"name\":\"Unternehmen - Akustikforschung Dresden - AED - Akustik\",\"isPartOf\":{\"@id\":\"https:\/\/www.akustikforschung.de\/#website\"},\"datePublished\":\"2012-07-18T13:35:26+00:00\",\"dateModified\":\"2023-09-27T11:26:45+00:00\",\"description\":\"Akustik, L\u00e4rmminderung an Maschinen, Schallabsorber, Schalld\u00e4mpfer, numerische Berechnung, K\u00f6rperschall, Ortung von Schallquellen, Verkehrsl\u00e4rm, Messung\",\"breadcrumb\":{\"@id\":\"https:\/\/www.akustikforschung.de\/unternehmen\/#breadcrumb\"},\"inLanguage\":\"en-US\",\"potentialAction\":[{\"@type\":\"ReadAction\",\"target\":[\"https:\/\/www.akustikforschung.de\/unternehmen\/\"]}]},{\"@type\":\"BreadcrumbList\",\"@id\":\"https:\/\/www.akustikforschung.de\/unternehmen\/#breadcrumb\",\"itemListElement\":[{\"@type\":\"ListItem\",\"position\":1,\"name\":\"Home\",\"item\":\"https:\/\/www.akustikforschung.de\/\"},{\"@type\":\"ListItem\",\"position\":2,\"name\":\"Unternehmen\"}]},{\"@type\":\"WebSite\",\"@id\":\"https:\/\/www.akustikforschung.de\/#website\",\"url\":\"https:\/\/www.akustikforschung.de\/\",\"name\":\"Gesellschaft f\u00fcr Akustikforschung Dresden mbH\",\"description\":\"Research &amp; Development - Test - Consultancy\",\"potentialAction\":[{\"@type\":\"SearchAction\",\"target\":{\"@type\":\"EntryPoint\",\"urlTemplate\":\"https:\/\/www.akustikforschung.de\/?s={search_term_string}\"},\"query-input\":{\"@type\":\"PropertyValueSpecification\",\"valueRequired\":true,\"valueName\":\"search_term_string\"}}],\"inLanguage\":\"en-US\"}]}<\/script>\n<!-- \/ Yoast SEO plugin. -->","yoast_head_json":{"title":"Unternehmen - Akustikforschung Dresden - AED - Akustik","description":"Akustik, L\u00e4rmminderung an Maschinen, Schallabsorber, Schalld\u00e4mpfer, numerische Berechnung, K\u00f6rperschall, Ortung von Schallquellen, Verkehrsl\u00e4rm, Messung","robots":{"index":"index","follow":"follow","max-snippet":"max-snippet:-1","max-image-preview":"max-image-preview:large","max-video-preview":"max-video-preview:-1"},"canonical":"https:\/\/www.akustikforschung.de\/unternehmen\/","og_locale":"en_US","og_type":"article","og_title":"Unternehmen - Akustikforschung Dresden - AED - Akustik","og_description":"Akustik, L\u00e4rmminderung an Maschinen, Schallabsorber, Schalld\u00e4mpfer, numerische Berechnung, K\u00f6rperschall, Ortung von Schallquellen, Verkehrsl\u00e4rm, Messung","og_url":"https:\/\/www.akustikforschung.de\/unternehmen\/","og_site_name":"Gesellschaft f\u00fcr Akustikforschung Dresden mbH","article_modified_time":"2023-09-27T11:26:45+00:00","twitter_misc":{"Est. reading time":"3 minutes"},"schema":{"@context":"https:\/\/schema.org","@graph":[{"@type":"WebPage","@id":"https:\/\/www.akustikforschung.de\/unternehmen\/","url":"https:\/\/www.akustikforschung.de\/unternehmen\/","name":"Unternehmen - Akustikforschung Dresden - AED - Akustik","isPartOf":{"@id":"https:\/\/www.akustikforschung.de\/#website"},"datePublished":"2012-07-18T13:35:26+00:00","dateModified":"2023-09-27T11:26:45+00:00","description":"Akustik, L\u00e4rmminderung an Maschinen, Schallabsorber, Schalld\u00e4mpfer, numerische Berechnung, K\u00f6rperschall, Ortung von Schallquellen, Verkehrsl\u00e4rm, Messung","breadcrumb":{"@id":"https:\/\/www.akustikforschung.de\/unternehmen\/#breadcrumb"},"inLanguage":"en-US","potentialAction":[{"@type":"ReadAction","target":["https:\/\/www.akustikforschung.de\/unternehmen\/"]}]},{"@type":"BreadcrumbList","@id":"https:\/\/www.akustikforschung.de\/unternehmen\/#breadcrumb","itemListElement":[{"@type":"ListItem","position":1,"name":"Home","item":"https:\/\/www.akustikforschung.de\/"},{"@type":"ListItem","position":2,"name":"Unternehmen"}]},{"@type":"WebSite","@id":"https:\/\/www.akustikforschung.de\/#website","url":"https:\/\/www.akustikforschung.de\/","name":"Gesellschaft f\u00fcr Akustikforschung Dresden mbH","description":"Research &amp; Development - Test - Consultancy","potentialAction":[{"@type":"SearchAction","target":{"@type":"EntryPoint","urlTemplate":"https:\/\/www.akustikforschung.de\/?s={search_term_string}"},"query-input":{"@type":"PropertyValueSpecification","valueRequired":true,"valueName":"search_term_string"}}],"inLanguage":"en-US"}]}},"_links":{"self":[{"href":"https:\/\/www.akustikforschung.de\/en\/wp-json\/wp\/v2\/pages\/75","targetHints":{"allow":["GET"]}}],"collection":[{"href":"https:\/\/www.akustikforschung.de\/en\/wp-json\/wp\/v2\/pages"}],"about":[{"href":"https:\/\/www.akustikforschung.de\/en\/wp-json\/wp\/v2\/types\/page"}],"author":[{"embeddable":true,"href":"https:\/\/www.akustikforschung.de\/en\/wp-json\/wp\/v2\/users\/1"}],"replies":[{"embeddable":true,"href":"https:\/\/www.akustikforschung.de\/en\/wp-json\/wp\/v2\/comments?post=75"}],"version-history":[{"count":10,"href":"https:\/\/www.akustikforschung.de\/en\/wp-json\/wp\/v2\/pages\/75\/revisions"}],"predecessor-version":[{"id":11924,"href":"https:\/\/www.akustikforschung.de\/en\/wp-json\/wp\/v2\/pages\/75\/revisions\/11924"}],"wp:attachment":[{"href":"https:\/\/www.akustikforschung.de\/en\/wp-json\/wp\/v2\/media?parent=75"}],"curies":[{"name":"wp","href":"https:\/\/api.w.org\/{rel}","templated":true}]}}