{"id":77,"date":"2012-07-18T13:35:37","date_gmt":"2012-07-18T13:35:37","guid":{"rendered":"https:\/\/www.akustik-forschung.de\/test\/?page_id=77"},"modified":"2021-05-07T08:14:20","modified_gmt":"2021-05-07T06:14:20","slug":"kontakt","status":"publish","type":"page","link":"https:\/\/www.akustikforschung.de\/en\/kontakt\/","title":{"rendered":"Contact"},"content":{"rendered":"<p>If you have any enquiries about our products or services you can call us at<br \/>\n+49 351 811 309-40, email us at info\u00a0@\u00a0akustikforschung.de or use the contact form below. We are happy to help!<\/p>\n<p>See <a href=\"https:\/\/www.akustikforschung.de\/wp-content\/uploads\/2014\/04\/anfahrt_ed_ws.png\" rel=\"#map\">our location<\/a> on the map.<\/p>\n<div id=\"map\" class=\"simple_overlay\"><img loading=\"lazy\" decoding=\"async\" class=\"size-full wp-image-2903\" title=\"map\" src=\"https:\/\/www.akustikforschung.de\/wp-content\/uploads\/2014\/04\/anfahrt_ed_ws.png\" alt=\"\" width=\"800\" height=\"729\" \/><\/div>\n\n<div class=\"wpcf7 no-js\" id=\"wpcf7-f350-o2\" lang=\"en-US\" dir=\"ltr\" data-wpcf7-id=\"350\">\n<div class=\"screen-reader-response\"><p role=\"status\" aria-live=\"polite\" aria-atomic=\"true\"><\/p> <ul><\/ul><\/div>\n<form action=\"\/en\/wp-json\/wp\/v2\/pages\/77#wpcf7-f350-o2\" method=\"post\" class=\"wpcf7-form init\" id=\"contact-form-350\" aria-label=\"Contact form\" novalidate=\"novalidate\" data-status=\"init\">\n<fieldset class=\"hidden-fields-container\"><input type=\"hidden\" name=\"_wpcf7\" value=\"350\" \/><input type=\"hidden\" name=\"_wpcf7_version\" value=\"6.1.5\" \/><input type=\"hidden\" name=\"_wpcf7_locale\" value=\"en_US\" \/><input type=\"hidden\" name=\"_wpcf7_unit_tag\" value=\"wpcf7-f350-o2\" \/><input type=\"hidden\" name=\"_wpcf7_container_post\" value=\"0\" \/><input type=\"hidden\" name=\"_wpcf7_posted_data_hash\" value=\"\" \/><input type=\"hidden\" name=\"_wpcf7dtx_version\" value=\"5.0.4\" \/>\n<\/fieldset>\n<div class=\"wpcf7-response-output\" aria-hidden=\"true\"><\/div>\n<p><span class=\"wpcf7-form-control-wrap\" data-name=\"your-name\"><input size=\"40\" maxlength=\"400\" class=\"wpcf7-form-control wpcf7-text wpcf7-validates-as-required\" aria-required=\"true\" aria-invalid=\"false\" placeholder=\"Name *\" value=\"\" type=\"text\" name=\"your-name\" \/><\/span><br \/>\n<span class=\"wpcf7-form-control-wrap\" data-name=\"email\"><input size=\"40\" maxlength=\"400\" class=\"wpcf7-form-control wpcf7-email wpcf7-validates-as-required wpcf7-text wpcf7-validates-as-email\" aria-required=\"true\" aria-invalid=\"false\" placeholder=\"Email *\" value=\"\" type=\"email\" name=\"email\" \/><\/span><br \/>\n<span class=\"wpcf7-form-control-wrap\" data-name=\"company\"><input size=\"40\" maxlength=\"400\" class=\"wpcf7-form-control wpcf7-text wpcf7-validates-as-required\" aria-required=\"true\" aria-invalid=\"false\" placeholder=\"Company *\" value=\"\" type=\"text\" name=\"company\" \/><\/span><br \/>\n<span class=\"wpcf7-form-control-wrap\" data-name=\"your-subject\"><input size=\"40\" maxlength=\"400\" class=\"wpcf7-form-control wpcf7-text\" aria-invalid=\"false\" placeholder=\"Subject\" value=\"\" type=\"text\" name=\"your-subject\" \/><\/span><br \/>\n<span class=\"wpcf7-form-control-wrap\" data-name=\"your-message\"><textarea cols=\"40\" rows=\"10\" maxlength=\"2000\" class=\"wpcf7-form-control wpcf7-textarea wpcf7-validates-as-required\" aria-required=\"true\" aria-invalid=\"false\" placeholder=\"Message *\" name=\"your-message\"><\/textarea><\/span><br \/>\n<span id=\"wpcf7-69d74fb883c55-wrapper\" class=\"wpcf7-form-control-wrap consent-wrap\" style=\"display:none !important; visibility:hidden !important;\"><input type=\"hidden\" name=\"consent-time-start\" value=\"1775718328\"><input type=\"hidden\" name=\"consent-time-check\" value=\"4\"><label for=\"wpcf7-69d74fb883c55-field\" class=\"hp-message\">Please leave this field empty.<\/label><input id=\"wpcf7-69d74fb883c55-field\"  class=\"wpcf7-form-control wpcf7-text\" type=\"text\" name=\"consent\" value=\"\" size=\"40\" tabindex=\"-1\" autocomplete=\"new-password\" \/><\/span>\n<span class=\"wpcf7-form-control-wrap dynamichidden-601\" data-name=\"dynamichidden-601\"><input type=\"hidden\" name=\"dynamichidden-601\" id=\"dynamic-hidden\" class=\"wpcf7-form-control wpcf7-hidden wpcf7dtx wpcf7dtx-hidden\" aria-invalid=\"false\" value=\"https:\/\/www.akustikforschung.de\/en\/wp-json\/wp\/v2\/pages\/77\"><\/span><span class=\"wpcf7-form-control-wrap kc_captcha cf7ic-toggle\" data-name=\"kc_captcha\"><span class=\"wpcf7-form-control wpcf7-radio\"><span class=\"captcha-image\" style=\"display: none;\"><span class=\"cf7ic_instructions\">Please prove you are human by selecting the<span> key<\/span>.<\/span><label><input aria-label=\"1\" type=\"radio\" name=\"kc_captcha\" value=\"bot\" \/><svg aria-hidden=\"true\" role=\"img\" xmlns=\"http:\/\/www.w3.org\/2000\/svg\" viewBox=\"0 0 576 512\"><path fill=\"currentColor\" d=\"M488 313v143c0 13-11 24-24 24H348c-7 0-12-5-12-12V356c0-7-5-12-12-12h-72c-7 0-12 5-12 12v112c0 7-5 12-12 12H112c-13 0-24-11-24-24V313c0-4 2-7 4-10l188-154c5-4 11-4 16 0l188 154c2 3 4 6 4 10zm84-61l-84-69V44c0-6-5-12-12-12h-56c-7 0-12 6-12 12v73l-89-74a48 48 0 00-61 0L4 252c-5 4-5 12-1 17l25 31c5 5 12 5 17 1l235-193c5-4 11-4 16 0l235 193c5 5 13 4 17-1l25-31c4-6 4-13-1-17z\"\/><\/svg><\/label><label><input aria-label=\"2\" type=\"radio\" name=\"kc_captcha\" value=\"kc_human\" \/><svg aria-hidden=\"true\" role=\"img\" xmlns=\"http:\/\/www.w3.org\/2000\/svg\" viewBox=\"0 0 512 512\"><path fill=\"currentColor\" d=\"M512 176a176 176 0 01-209 173l-24 27a24 24 0 01-18 8h-37v40c0 13-11 24-24 24h-40v40c0 13-11 24-24 24H24c-13 0-24-11-24-24v-78c0-6 3-13 7-17l162-162a176 176 0 11343-55zm-176-48a48 48 0 1096 0 48 48 0 00-96 0z\"\/><\/svg><\/label><label><input aria-label=\"3\" type=\"radio\" name=\"kc_captcha\" value=\"bot\" \/><svg aria-hidden=\"true\" role=\"img\" xmlns=\"http:\/\/www.w3.org\/2000\/svg\" viewBox=\"0 0 576 512\"><path fill=\"currentColor\" d=\"M472 200H360L256 6a12 12 0 00-10-6h-58c-8 0-14 7-12 15l34 185H100l-35-58a12 12 0 00-10-6H12c-8 0-13 7-12 14l21 106L0 362c-1 7 4 14 12 14h43c4 0 8-2 10-6l35-58h110l-34 185c-2 8 4 15 12 15h58a12 12 0 0010-6l104-194h112c57 0 104-25 104-56s-47-56-104-56z\"\/><\/svg><\/label>\r\n    <\/span>\r\n    <span style=\"display:none\">\r\n        <input type=\"text\" name=\"kc_honeypot\">\r\n    <\/span><\/span><\/span><br \/>\n<input class=\"wpcf7-form-control wpcf7-submit has-spinner\" type=\"submit\" value=\"Send\" \/>\n<\/p>\n<\/form>\n<\/div>\n\n<p><!--\nFor foreign distribution of the products, the Gesellschaft f\u00fcr Akustikforschung Dresden mbH has especially access to the international distribution network of the <a href=\"https:\/\/www.sinusmess.de\"><span style=\"display: inline-block; width: 0px; overflow: hidden; line-height: 0;\" data-mce-type=\"bookmark\" class=\"mce_SELRES_start\"><\/span>SINUS Messtechnik GmbH<\/a>.\n--><\/p>","protected":false},"excerpt":{"rendered":"<p>If you have any enquiries about our products or services you can call us at +49 351 811 309-40, email [&hellip;]<\/p>\n","protected":false},"author":1,"featured_media":0,"parent":0,"menu_order":0,"comment_status":"open","ping_status":"open","template":"page.php","meta":{"footnotes":""},"class_list":["post-77","page","type-page","status-publish","hentry","no-content-parts"],"yoast_head":"<!-- This site is optimized with the Yoast SEO plugin v26.9 - https:\/\/yoast.com\/product\/yoast-seo-wordpress\/ -->\n<title>Kontakt - Contact - Gesellschaft f\u00fcr Akustikforschung Dresden mbH<\/title>\n<meta name=\"description\" content=\"Kontakt - Gesellschaft f\u00fcr Akustikforschung Dresden mbH, L\u00e4rmminderung von Maschinen und Ger\u00e4ten, Auslegung von Schalld\u00e4mpfern und Schallabsorbern - Contact\" \/>\n<meta name=\"robots\" content=\"index, follow, max-snippet:-1, max-image-preview:large, max-video-preview:-1\" \/>\n<link rel=\"canonical\" href=\"https:\/\/www.akustikforschung.de\/kontakt\/\" \/>\n<meta property=\"og:locale\" content=\"en_US\" \/>\n<meta property=\"og:type\" content=\"article\" \/>\n<meta property=\"og:title\" content=\"Kontakt - Contact - Gesellschaft f\u00fcr Akustikforschung Dresden mbH\" \/>\n<meta property=\"og:description\" content=\"Kontakt - Gesellschaft f\u00fcr Akustikforschung Dresden mbH, L\u00e4rmminderung von Maschinen und Ger\u00e4ten, Auslegung von Schalld\u00e4mpfern und Schallabsorbern - Contact\" \/>\n<meta property=\"og:url\" content=\"https:\/\/www.akustikforschung.de\/kontakt\/\" \/>\n<meta property=\"og:site_name\" content=\"Gesellschaft f\u00fcr Akustikforschung Dresden mbH\" \/>\n<meta property=\"article:modified_time\" content=\"2021-05-07T06:14:20+00:00\" \/>\n<meta property=\"og:image\" content=\"https:\/\/www.akustikforschung.de\/wp-content\/uploads\/2014\/04\/anfahrt_ed_ws.png\" \/>\n<script type=\"application\/ld+json\" class=\"yoast-schema-graph\">{\"@context\":\"https:\/\/schema.org\",\"@graph\":[{\"@type\":\"WebPage\",\"@id\":\"https:\/\/www.akustikforschung.de\/kontakt\/\",\"url\":\"https:\/\/www.akustikforschung.de\/kontakt\/\",\"name\":\"Kontakt - Contact - Gesellschaft f\u00fcr Akustikforschung Dresden mbH\",\"isPartOf\":{\"@id\":\"https:\/\/www.akustikforschung.de\/#website\"},\"primaryImageOfPage\":{\"@id\":\"https:\/\/www.akustikforschung.de\/kontakt\/#primaryimage\"},\"image\":{\"@id\":\"https:\/\/www.akustikforschung.de\/kontakt\/#primaryimage\"},\"thumbnailUrl\":\"https:\/\/www.akustikforschung.de\/wp-content\/uploads\/2014\/04\/anfahrt_ed_ws.png\",\"datePublished\":\"2012-07-18T13:35:37+00:00\",\"dateModified\":\"2021-05-07T06:14:20+00:00\",\"description\":\"Kontakt - Gesellschaft f\u00fcr Akustikforschung Dresden mbH, L\u00e4rmminderung von Maschinen und Ger\u00e4ten, Auslegung von Schalld\u00e4mpfern und Schallabsorbern - Contact\",\"breadcrumb\":{\"@id\":\"https:\/\/www.akustikforschung.de\/kontakt\/#breadcrumb\"},\"inLanguage\":\"en-US\",\"potentialAction\":[{\"@type\":\"ReadAction\",\"target\":[\"https:\/\/www.akustikforschung.de\/kontakt\/\"]}]},{\"@type\":\"ImageObject\",\"inLanguage\":\"en-US\",\"@id\":\"https:\/\/www.akustikforschung.de\/kontakt\/#primaryimage\",\"url\":\"https:\/\/www.akustikforschung.de\/wp-content\/uploads\/2014\/04\/anfahrt_ed_ws.png\",\"contentUrl\":\"https:\/\/www.akustikforschung.de\/wp-content\/uploads\/2014\/04\/anfahrt_ed_ws.png\"},{\"@type\":\"BreadcrumbList\",\"@id\":\"https:\/\/www.akustikforschung.de\/kontakt\/#breadcrumb\",\"itemListElement\":[{\"@type\":\"ListItem\",\"position\":1,\"name\":\"Home\",\"item\":\"https:\/\/www.akustikforschung.de\/\"},{\"@type\":\"ListItem\",\"position\":2,\"name\":\"Kontakt\"}]},{\"@type\":\"WebSite\",\"@id\":\"https:\/\/www.akustikforschung.de\/#website\",\"url\":\"https:\/\/www.akustikforschung.de\/\",\"name\":\"Gesellschaft f\u00fcr Akustikforschung Dresden mbH\",\"description\":\"Research &amp; Development - Test - Consultancy\",\"potentialAction\":[{\"@type\":\"SearchAction\",\"target\":{\"@type\":\"EntryPoint\",\"urlTemplate\":\"https:\/\/www.akustikforschung.de\/?s={search_term_string}\"},\"query-input\":{\"@type\":\"PropertyValueSpecification\",\"valueRequired\":true,\"valueName\":\"search_term_string\"}}],\"inLanguage\":\"en-US\"}]}<\/script>\n<!-- \/ Yoast SEO plugin. -->","yoast_head_json":{"title":"Kontakt - Contact - Gesellschaft f\u00fcr Akustikforschung Dresden mbH","description":"Kontakt - Gesellschaft f\u00fcr Akustikforschung Dresden mbH, L\u00e4rmminderung von Maschinen und Ger\u00e4ten, Auslegung von Schalld\u00e4mpfern und Schallabsorbern - Contact","robots":{"index":"index","follow":"follow","max-snippet":"max-snippet:-1","max-image-preview":"max-image-preview:large","max-video-preview":"max-video-preview:-1"},"canonical":"https:\/\/www.akustikforschung.de\/kontakt\/","og_locale":"en_US","og_type":"article","og_title":"Kontakt - Contact - Gesellschaft f\u00fcr Akustikforschung Dresden mbH","og_description":"Kontakt - Gesellschaft f\u00fcr Akustikforschung Dresden mbH, L\u00e4rmminderung von Maschinen und Ger\u00e4ten, Auslegung von Schalld\u00e4mpfern und Schallabsorbern - Contact","og_url":"https:\/\/www.akustikforschung.de\/kontakt\/","og_site_name":"Gesellschaft f\u00fcr Akustikforschung Dresden mbH","article_modified_time":"2021-05-07T06:14:20+00:00","og_image":[{"url":"https:\/\/www.akustikforschung.de\/wp-content\/uploads\/2014\/04\/anfahrt_ed_ws.png","type":"","width":"","height":""}],"schema":{"@context":"https:\/\/schema.org","@graph":[{"@type":"WebPage","@id":"https:\/\/www.akustikforschung.de\/kontakt\/","url":"https:\/\/www.akustikforschung.de\/kontakt\/","name":"Kontakt - Contact - Gesellschaft f\u00fcr Akustikforschung Dresden mbH","isPartOf":{"@id":"https:\/\/www.akustikforschung.de\/#website"},"primaryImageOfPage":{"@id":"https:\/\/www.akustikforschung.de\/kontakt\/#primaryimage"},"image":{"@id":"https:\/\/www.akustikforschung.de\/kontakt\/#primaryimage"},"thumbnailUrl":"https:\/\/www.akustikforschung.de\/wp-content\/uploads\/2014\/04\/anfahrt_ed_ws.png","datePublished":"2012-07-18T13:35:37+00:00","dateModified":"2021-05-07T06:14:20+00:00","description":"Kontakt - Gesellschaft f\u00fcr Akustikforschung Dresden mbH, L\u00e4rmminderung von Maschinen und Ger\u00e4ten, Auslegung von Schalld\u00e4mpfern und Schallabsorbern - Contact","breadcrumb":{"@id":"https:\/\/www.akustikforschung.de\/kontakt\/#breadcrumb"},"inLanguage":"en-US","potentialAction":[{"@type":"ReadAction","target":["https:\/\/www.akustikforschung.de\/kontakt\/"]}]},{"@type":"ImageObject","inLanguage":"en-US","@id":"https:\/\/www.akustikforschung.de\/kontakt\/#primaryimage","url":"https:\/\/www.akustikforschung.de\/wp-content\/uploads\/2014\/04\/anfahrt_ed_ws.png","contentUrl":"https:\/\/www.akustikforschung.de\/wp-content\/uploads\/2014\/04\/anfahrt_ed_ws.png"},{"@type":"BreadcrumbList","@id":"https:\/\/www.akustikforschung.de\/kontakt\/#breadcrumb","itemListElement":[{"@type":"ListItem","position":1,"name":"Home","item":"https:\/\/www.akustikforschung.de\/"},{"@type":"ListItem","position":2,"name":"Kontakt"}]},{"@type":"WebSite","@id":"https:\/\/www.akustikforschung.de\/#website","url":"https:\/\/www.akustikforschung.de\/","name":"Gesellschaft f\u00fcr Akustikforschung Dresden mbH","description":"Research &amp; Development - Test - Consultancy","potentialAction":[{"@type":"SearchAction","target":{"@type":"EntryPoint","urlTemplate":"https:\/\/www.akustikforschung.de\/?s={search_term_string}"},"query-input":{"@type":"PropertyValueSpecification","valueRequired":true,"valueName":"search_term_string"}}],"inLanguage":"en-US"}]}},"_links":{"self":[{"href":"https:\/\/www.akustikforschung.de\/en\/wp-json\/wp\/v2\/pages\/77","targetHints":{"allow":["GET"]}}],"collection":[{"href":"https:\/\/www.akustikforschung.de\/en\/wp-json\/wp\/v2\/pages"}],"about":[{"href":"https:\/\/www.akustikforschung.de\/en\/wp-json\/wp\/v2\/types\/page"}],"author":[{"embeddable":true,"href":"https:\/\/www.akustikforschung.de\/en\/wp-json\/wp\/v2\/users\/1"}],"replies":[{"embeddable":true,"href":"https:\/\/www.akustikforschung.de\/en\/wp-json\/wp\/v2\/comments?post=77"}],"version-history":[{"count":9,"href":"https:\/\/www.akustikforschung.de\/en\/wp-json\/wp\/v2\/pages\/77\/revisions"}],"predecessor-version":[{"id":11508,"href":"https:\/\/www.akustikforschung.de\/en\/wp-json\/wp\/v2\/pages\/77\/revisions\/11508"}],"wp:attachment":[{"href":"https:\/\/www.akustikforschung.de\/en\/wp-json\/wp\/v2\/media?parent=77"}],"curies":[{"name":"wp","href":"https:\/\/api.w.org\/{rel}","templated":true}]}}