{"id":831,"date":"2012-07-25T16:33:45","date_gmt":"2012-07-25T16:33:45","guid":{"rendered":"https:\/\/www.akustik-forschung.de\/test\/?page_id=831"},"modified":"2014-08-14T09:45:07","modified_gmt":"2014-08-14T09:45:07","slug":"fallstudien","status":"publish","type":"page","link":"https:\/\/www.akustikforschung.de\/en\/unternehmen\/fallstudien\/","title":{"rendered":"Case studies"},"content":{"rendered":"<p><br \/><\/p>","protected":false},"excerpt":{"rendered":"","protected":false},"author":1,"featured_media":0,"parent":75,"menu_order":0,"comment_status":"open","ping_status":"open","template":"case-studies.php","meta":{"footnotes":""},"class_list":["post-831","page","type-page","status-publish","hentry","no-content-parts"],"yoast_head":"<!-- This site is optimized with the Yoast SEO plugin v26.9 - https:\/\/yoast.com\/product\/yoast-seo-wordpress\/ -->\n<title>Fallstudien - Case Studies<\/title>\n<meta name=\"description\" content=\"Fallstudien, L\u00e4rmminderung, L\u00e4rmemission, Stra\u00dfenverkehr, Fahrbahnbel\u00e4ge\" \/>\n<meta name=\"robots\" content=\"index, follow, max-snippet:-1, max-image-preview:large, max-video-preview:-1\" \/>\n<link rel=\"canonical\" href=\"https:\/\/www.akustikforschung.de\/unternehmen\/fallstudien\/\" \/>\n<meta property=\"og:locale\" content=\"en_US\" \/>\n<meta property=\"og:type\" content=\"article\" \/>\n<meta property=\"og:title\" content=\"Fallstudien - Case Studies\" \/>\n<meta property=\"og:description\" content=\"Fallstudien, L\u00e4rmminderung, L\u00e4rmemission, Stra\u00dfenverkehr, Fahrbahnbel\u00e4ge\" \/>\n<meta property=\"og:url\" content=\"https:\/\/www.akustikforschung.de\/unternehmen\/fallstudien\/\" \/>\n<meta property=\"og:site_name\" content=\"Gesellschaft f\u00fcr Akustikforschung Dresden mbH\" \/>\n<meta property=\"article:modified_time\" content=\"2014-08-14T09:45:07+00:00\" \/>\n<script type=\"application\/ld+json\" class=\"yoast-schema-graph\">{\"@context\":\"https:\/\/schema.org\",\"@graph\":[{\"@type\":\"WebPage\",\"@id\":\"https:\/\/www.akustikforschung.de\/unternehmen\/fallstudien\/\",\"url\":\"https:\/\/www.akustikforschung.de\/unternehmen\/fallstudien\/\",\"name\":\"Fallstudien - Case Studies\",\"isPartOf\":{\"@id\":\"https:\/\/www.akustikforschung.de\/#website\"},\"datePublished\":\"2012-07-25T16:33:45+00:00\",\"dateModified\":\"2014-08-14T09:45:07+00:00\",\"description\":\"Fallstudien, L\u00e4rmminderung, L\u00e4rmemission, Stra\u00dfenverkehr, Fahrbahnbel\u00e4ge\",\"breadcrumb\":{\"@id\":\"https:\/\/www.akustikforschung.de\/unternehmen\/fallstudien\/#breadcrumb\"},\"inLanguage\":\"en-US\",\"potentialAction\":[{\"@type\":\"ReadAction\",\"target\":[\"https:\/\/www.akustikforschung.de\/unternehmen\/fallstudien\/\"]}]},{\"@type\":\"BreadcrumbList\",\"@id\":\"https:\/\/www.akustikforschung.de\/unternehmen\/fallstudien\/#breadcrumb\",\"itemListElement\":[{\"@type\":\"ListItem\",\"position\":1,\"name\":\"Home\",\"item\":\"https:\/\/www.akustikforschung.de\/\"},{\"@type\":\"ListItem\",\"position\":2,\"name\":\"Unternehmen\",\"item\":\"https:\/\/www.akustikforschung.de\/unternehmen\/\"},{\"@type\":\"ListItem\",\"position\":3,\"name\":\"Fallstudien\"}]},{\"@type\":\"WebSite\",\"@id\":\"https:\/\/www.akustikforschung.de\/#website\",\"url\":\"https:\/\/www.akustikforschung.de\/\",\"name\":\"Gesellschaft f\u00fcr Akustikforschung Dresden mbH\",\"description\":\"Research &amp; Development - Test - Consultancy\",\"potentialAction\":[{\"@type\":\"SearchAction\",\"target\":{\"@type\":\"EntryPoint\",\"urlTemplate\":\"https:\/\/www.akustikforschung.de\/?s={search_term_string}\"},\"query-input\":{\"@type\":\"PropertyValueSpecification\",\"valueRequired\":true,\"valueName\":\"search_term_string\"}}],\"inLanguage\":\"en-US\"}]}<\/script>\n<!-- \/ Yoast SEO plugin. -->","yoast_head_json":{"title":"Fallstudien - Case Studies","description":"Fallstudien, L\u00e4rmminderung, L\u00e4rmemission, Stra\u00dfenverkehr, Fahrbahnbel\u00e4ge","robots":{"index":"index","follow":"follow","max-snippet":"max-snippet:-1","max-image-preview":"max-image-preview:large","max-video-preview":"max-video-preview:-1"},"canonical":"https:\/\/www.akustikforschung.de\/unternehmen\/fallstudien\/","og_locale":"en_US","og_type":"article","og_title":"Fallstudien - Case Studies","og_description":"Fallstudien, L\u00e4rmminderung, L\u00e4rmemission, Stra\u00dfenverkehr, Fahrbahnbel\u00e4ge","og_url":"https:\/\/www.akustikforschung.de\/unternehmen\/fallstudien\/","og_site_name":"Gesellschaft f\u00fcr Akustikforschung Dresden mbH","article_modified_time":"2014-08-14T09:45:07+00:00","schema":{"@context":"https:\/\/schema.org","@graph":[{"@type":"WebPage","@id":"https:\/\/www.akustikforschung.de\/unternehmen\/fallstudien\/","url":"https:\/\/www.akustikforschung.de\/unternehmen\/fallstudien\/","name":"Fallstudien - Case Studies","isPartOf":{"@id":"https:\/\/www.akustikforschung.de\/#website"},"datePublished":"2012-07-25T16:33:45+00:00","dateModified":"2014-08-14T09:45:07+00:00","description":"Fallstudien, L\u00e4rmminderung, L\u00e4rmemission, Stra\u00dfenverkehr, Fahrbahnbel\u00e4ge","breadcrumb":{"@id":"https:\/\/www.akustikforschung.de\/unternehmen\/fallstudien\/#breadcrumb"},"inLanguage":"en-US","potentialAction":[{"@type":"ReadAction","target":["https:\/\/www.akustikforschung.de\/unternehmen\/fallstudien\/"]}]},{"@type":"BreadcrumbList","@id":"https:\/\/www.akustikforschung.de\/unternehmen\/fallstudien\/#breadcrumb","itemListElement":[{"@type":"ListItem","position":1,"name":"Home","item":"https:\/\/www.akustikforschung.de\/"},{"@type":"ListItem","position":2,"name":"Unternehmen","item":"https:\/\/www.akustikforschung.de\/unternehmen\/"},{"@type":"ListItem","position":3,"name":"Fallstudien"}]},{"@type":"WebSite","@id":"https:\/\/www.akustikforschung.de\/#website","url":"https:\/\/www.akustikforschung.de\/","name":"Gesellschaft f\u00fcr Akustikforschung Dresden mbH","description":"Research &amp; Development - Test - Consultancy","potentialAction":[{"@type":"SearchAction","target":{"@type":"EntryPoint","urlTemplate":"https:\/\/www.akustikforschung.de\/?s={search_term_string}"},"query-input":{"@type":"PropertyValueSpecification","valueRequired":true,"valueName":"search_term_string"}}],"inLanguage":"en-US"}]}},"_links":{"self":[{"href":"https:\/\/www.akustikforschung.de\/en\/wp-json\/wp\/v2\/pages\/831","targetHints":{"allow":["GET"]}}],"collection":[{"href":"https:\/\/www.akustikforschung.de\/en\/wp-json\/wp\/v2\/pages"}],"about":[{"href":"https:\/\/www.akustikforschung.de\/en\/wp-json\/wp\/v2\/types\/page"}],"author":[{"embeddable":true,"href":"https:\/\/www.akustikforschung.de\/en\/wp-json\/wp\/v2\/users\/1"}],"replies":[{"embeddable":true,"href":"https:\/\/www.akustikforschung.de\/en\/wp-json\/wp\/v2\/comments?post=831"}],"version-history":[{"count":0,"href":"https:\/\/www.akustikforschung.de\/en\/wp-json\/wp\/v2\/pages\/831\/revisions"}],"up":[{"embeddable":true,"href":"https:\/\/www.akustikforschung.de\/en\/wp-json\/wp\/v2\/pages\/75"}],"wp:attachment":[{"href":"https:\/\/www.akustikforschung.de\/en\/wp-json\/wp\/v2\/media?parent=831"}],"curies":[{"name":"wp","href":"https:\/\/api.w.org\/{rel}","templated":true}]}}