{"id":8535,"date":"2014-09-22T08:11:09","date_gmt":"2014-09-22T08:11:09","guid":{"rendered":"https:\/\/www.akustik-forschung.de\/test\/?page_id=8535"},"modified":"2021-10-21T22:03:31","modified_gmt":"2021-10-21T20:03:31","slug":"seminare-und-schulungen","status":"publish","type":"page","link":"https:\/\/www.akustikforschung.de\/en\/know-how\/seminare-und-schulungen\/","title":{"rendered":"Seminars and Training Courses"},"content":{"rendered":"<p>For several years, the Gesellschaft f\u00fcr Akustikforschung Dresden mbH performs seminars and workshops to effectively train you and your colleagues in the various fields of technical acoustics. Since the year 2021, our partner ACENA \u2013 Academy of Engineering Acoustics Dresden GmbH emerged from the Gesellschaft f\u00fcr Akustikforschung Dresden mbH accepted this task.<\/p>\n<p>All along, practical experiments and exemplary measurements are carried out to demonstrate and to apply the gained knowledge. This combination of theory and exercise generates a remarkably positiv feedback of the participants of these seminars.<\/p>\n<p>The speaker Prof. Dr.-Ing. J\u00f6rn H\u00fcbelt teaches Technical Acoustics at the Universities of Mittweida and Munich. Thus, the content of the seminars is continously adjusted to the latest results of theory and research.<\/p>\n<p><a title=\"Seminars and training courses\" href=\"https:\/\/www.akustikforschung.de\/en\/unternehmen\/nachrichten\/aktuelle-termine-schulung-akustik\/\">Here<\/a>, you find the current dates to the seminars and training courses.<\/p>","protected":false},"excerpt":{"rendered":"<p>For several years, the Gesellschaft f\u00fcr Akustikforschung Dresden mbH performs seminars and workshops to effectively train you and your colleagues [&hellip;]<\/p>\n","protected":false},"author":2,"featured_media":8607,"parent":69,"menu_order":0,"comment_status":"open","ping_status":"open","template":"know-how-sub.php","meta":{"footnotes":""},"class_list":["post-8535","page","type-page","status-publish","has-post-thumbnail","hentry","no-content-parts"],"yoast_head":"<!-- This site is optimized with the Yoast SEO plugin v26.9 - https:\/\/yoast.com\/product\/yoast-seo-wordpress\/ -->\n<title>Seminare, Schulung, Akustik, L\u00e4rmschutz, Schalld\u00e4mpfer, Absorber<\/title>\n<meta name=\"description\" content=\"Seminare und Schulungen - Technische Akustik, Schallabsorber und Schalld\u00e4mpfer, Messtechnik, L\u00e4rmschutz, Grundlagen, Auslegung, Optimierung\" \/>\n<meta name=\"robots\" content=\"index, follow, max-snippet:-1, max-image-preview:large, max-video-preview:-1\" \/>\n<link rel=\"canonical\" href=\"https:\/\/www.akustikforschung.de\/en\/know-how\/seminare-und-schulungen\/\" \/>\n<meta property=\"og:locale\" content=\"en_US\" \/>\n<meta property=\"og:type\" content=\"article\" \/>\n<meta property=\"og:title\" content=\"Seminare, Schulung, Akustik, L\u00e4rmschutz, Schalld\u00e4mpfer, Absorber\" \/>\n<meta property=\"og:description\" content=\"Seminare und Schulungen - Technische Akustik, Schallabsorber und Schalld\u00e4mpfer, Messtechnik, L\u00e4rmschutz, Grundlagen, Auslegung, Optimierung\" \/>\n<meta property=\"og:url\" content=\"https:\/\/www.akustikforschung.de\/en\/know-how\/seminare-und-schulungen\/\" \/>\n<meta property=\"og:site_name\" content=\"Gesellschaft f\u00fcr Akustikforschung Dresden mbH\" \/>\n<meta property=\"article:modified_time\" content=\"2021-10-21T20:03:31+00:00\" \/>\n<meta property=\"og:image\" content=\"https:\/\/www.akustikforschung.de\/wp-content\/uploads\/2014\/09\/schulung_01_ed_ws.jpg\" \/>\n\t<meta property=\"og:image:width\" content=\"1024\" \/>\n\t<meta property=\"og:image:height\" content=\"729\" \/>\n\t<meta property=\"og:image:type\" content=\"image\/jpeg\" \/>\n<meta name=\"twitter:label1\" content=\"Est. reading time\" \/>\n\t<meta name=\"twitter:data1\" content=\"1 minute\" \/>\n<script type=\"application\/ld+json\" class=\"yoast-schema-graph\">{\"@context\":\"https:\/\/schema.org\",\"@graph\":[{\"@type\":\"WebPage\",\"@id\":\"https:\/\/www.akustikforschung.de\/en\/know-how\/seminare-und-schulungen\/\",\"url\":\"https:\/\/www.akustikforschung.de\/en\/know-how\/seminare-und-schulungen\/\",\"name\":\"Seminare, Schulung, Akustik, L\u00e4rmschutz, Schalld\u00e4mpfer, Absorber\",\"isPartOf\":{\"@id\":\"https:\/\/www.akustikforschung.de\/#website\"},\"primaryImageOfPage\":{\"@id\":\"https:\/\/www.akustikforschung.de\/en\/know-how\/seminare-und-schulungen\/#primaryimage\"},\"image\":{\"@id\":\"https:\/\/www.akustikforschung.de\/en\/know-how\/seminare-und-schulungen\/#primaryimage\"},\"thumbnailUrl\":\"https:\/\/www.akustikforschung.de\/wp-content\/uploads\/2014\/09\/schulung_01_ed_ws.jpg\",\"datePublished\":\"2014-09-22T08:11:09+00:00\",\"dateModified\":\"2021-10-21T20:03:31+00:00\",\"description\":\"Seminare und Schulungen - Technische Akustik, Schallabsorber und Schalld\u00e4mpfer, Messtechnik, L\u00e4rmschutz, Grundlagen, Auslegung, Optimierung\",\"breadcrumb\":{\"@id\":\"https:\/\/www.akustikforschung.de\/en\/know-how\/seminare-und-schulungen\/#breadcrumb\"},\"inLanguage\":\"en-US\",\"potentialAction\":[{\"@type\":\"ReadAction\",\"target\":[\"https:\/\/www.akustikforschung.de\/en\/know-how\/seminare-und-schulungen\/\"]}]},{\"@type\":\"ImageObject\",\"inLanguage\":\"en-US\",\"@id\":\"https:\/\/www.akustikforschung.de\/en\/know-how\/seminare-und-schulungen\/#primaryimage\",\"url\":\"https:\/\/www.akustikforschung.de\/wp-content\/uploads\/2014\/09\/schulung_01_ed_ws.jpg\",\"contentUrl\":\"https:\/\/www.akustikforschung.de\/wp-content\/uploads\/2014\/09\/schulung_01_ed_ws.jpg\",\"width\":1024,\"height\":729},{\"@type\":\"BreadcrumbList\",\"@id\":\"https:\/\/www.akustikforschung.de\/en\/know-how\/seminare-und-schulungen\/#breadcrumb\",\"itemListElement\":[{\"@type\":\"ListItem\",\"position\":1,\"name\":\"Home\",\"item\":\"https:\/\/www.akustikforschung.de\/\"},{\"@type\":\"ListItem\",\"position\":2,\"name\":\"Know-how\",\"item\":\"https:\/\/www.akustikforschung.de\/know-how\/\"},{\"@type\":\"ListItem\",\"position\":3,\"name\":\"Seminars and Training Courses\"}]},{\"@type\":\"WebSite\",\"@id\":\"https:\/\/www.akustikforschung.de\/#website\",\"url\":\"https:\/\/www.akustikforschung.de\/\",\"name\":\"Gesellschaft f\u00fcr Akustikforschung Dresden mbH\",\"description\":\"Research &amp; Development - Test - Consultancy\",\"potentialAction\":[{\"@type\":\"SearchAction\",\"target\":{\"@type\":\"EntryPoint\",\"urlTemplate\":\"https:\/\/www.akustikforschung.de\/?s={search_term_string}\"},\"query-input\":{\"@type\":\"PropertyValueSpecification\",\"valueRequired\":true,\"valueName\":\"search_term_string\"}}],\"inLanguage\":\"en-US\"}]}<\/script>\n<!-- \/ Yoast SEO plugin. -->","yoast_head_json":{"title":"Seminare, Schulung, Akustik, L\u00e4rmschutz, Schalld\u00e4mpfer, Absorber","description":"Seminare und Schulungen - Technische Akustik, Schallabsorber und Schalld\u00e4mpfer, Messtechnik, L\u00e4rmschutz, Grundlagen, Auslegung, Optimierung","robots":{"index":"index","follow":"follow","max-snippet":"max-snippet:-1","max-image-preview":"max-image-preview:large","max-video-preview":"max-video-preview:-1"},"canonical":"https:\/\/www.akustikforschung.de\/en\/know-how\/seminare-und-schulungen\/","og_locale":"en_US","og_type":"article","og_title":"Seminare, Schulung, Akustik, L\u00e4rmschutz, Schalld\u00e4mpfer, Absorber","og_description":"Seminare und Schulungen - Technische Akustik, Schallabsorber und Schalld\u00e4mpfer, Messtechnik, L\u00e4rmschutz, Grundlagen, Auslegung, Optimierung","og_url":"https:\/\/www.akustikforschung.de\/en\/know-how\/seminare-und-schulungen\/","og_site_name":"Gesellschaft f\u00fcr Akustikforschung Dresden mbH","article_modified_time":"2021-10-21T20:03:31+00:00","og_image":[{"width":1024,"height":729,"url":"https:\/\/www.akustikforschung.de\/wp-content\/uploads\/2014\/09\/schulung_01_ed_ws.jpg","type":"image\/jpeg"}],"twitter_misc":{"Est. reading time":"1 minute"},"schema":{"@context":"https:\/\/schema.org","@graph":[{"@type":"WebPage","@id":"https:\/\/www.akustikforschung.de\/en\/know-how\/seminare-und-schulungen\/","url":"https:\/\/www.akustikforschung.de\/en\/know-how\/seminare-und-schulungen\/","name":"Seminare, Schulung, Akustik, L\u00e4rmschutz, Schalld\u00e4mpfer, Absorber","isPartOf":{"@id":"https:\/\/www.akustikforschung.de\/#website"},"primaryImageOfPage":{"@id":"https:\/\/www.akustikforschung.de\/en\/know-how\/seminare-und-schulungen\/#primaryimage"},"image":{"@id":"https:\/\/www.akustikforschung.de\/en\/know-how\/seminare-und-schulungen\/#primaryimage"},"thumbnailUrl":"https:\/\/www.akustikforschung.de\/wp-content\/uploads\/2014\/09\/schulung_01_ed_ws.jpg","datePublished":"2014-09-22T08:11:09+00:00","dateModified":"2021-10-21T20:03:31+00:00","description":"Seminare und Schulungen - Technische Akustik, Schallabsorber und Schalld\u00e4mpfer, Messtechnik, L\u00e4rmschutz, Grundlagen, Auslegung, Optimierung","breadcrumb":{"@id":"https:\/\/www.akustikforschung.de\/en\/know-how\/seminare-und-schulungen\/#breadcrumb"},"inLanguage":"en-US","potentialAction":[{"@type":"ReadAction","target":["https:\/\/www.akustikforschung.de\/en\/know-how\/seminare-und-schulungen\/"]}]},{"@type":"ImageObject","inLanguage":"en-US","@id":"https:\/\/www.akustikforschung.de\/en\/know-how\/seminare-und-schulungen\/#primaryimage","url":"https:\/\/www.akustikforschung.de\/wp-content\/uploads\/2014\/09\/schulung_01_ed_ws.jpg","contentUrl":"https:\/\/www.akustikforschung.de\/wp-content\/uploads\/2014\/09\/schulung_01_ed_ws.jpg","width":1024,"height":729},{"@type":"BreadcrumbList","@id":"https:\/\/www.akustikforschung.de\/en\/know-how\/seminare-und-schulungen\/#breadcrumb","itemListElement":[{"@type":"ListItem","position":1,"name":"Home","item":"https:\/\/www.akustikforschung.de\/"},{"@type":"ListItem","position":2,"name":"Know-how","item":"https:\/\/www.akustikforschung.de\/know-how\/"},{"@type":"ListItem","position":3,"name":"Seminars and Training Courses"}]},{"@type":"WebSite","@id":"https:\/\/www.akustikforschung.de\/#website","url":"https:\/\/www.akustikforschung.de\/","name":"Gesellschaft f\u00fcr Akustikforschung Dresden mbH","description":"Research &amp; Development - Test - Consultancy","potentialAction":[{"@type":"SearchAction","target":{"@type":"EntryPoint","urlTemplate":"https:\/\/www.akustikforschung.de\/?s={search_term_string}"},"query-input":{"@type":"PropertyValueSpecification","valueRequired":true,"valueName":"search_term_string"}}],"inLanguage":"en-US"}]}},"_links":{"self":[{"href":"https:\/\/www.akustikforschung.de\/en\/wp-json\/wp\/v2\/pages\/8535","targetHints":{"allow":["GET"]}}],"collection":[{"href":"https:\/\/www.akustikforschung.de\/en\/wp-json\/wp\/v2\/pages"}],"about":[{"href":"https:\/\/www.akustikforschung.de\/en\/wp-json\/wp\/v2\/types\/page"}],"author":[{"embeddable":true,"href":"https:\/\/www.akustikforschung.de\/en\/wp-json\/wp\/v2\/users\/2"}],"replies":[{"embeddable":true,"href":"https:\/\/www.akustikforschung.de\/en\/wp-json\/wp\/v2\/comments?post=8535"}],"version-history":[{"count":3,"href":"https:\/\/www.akustikforschung.de\/en\/wp-json\/wp\/v2\/pages\/8535\/revisions"}],"predecessor-version":[{"id":11667,"href":"https:\/\/www.akustikforschung.de\/en\/wp-json\/wp\/v2\/pages\/8535\/revisions\/11667"}],"up":[{"embeddable":true,"href":"https:\/\/www.akustikforschung.de\/en\/wp-json\/wp\/v2\/pages\/69"}],"wp:featuredmedia":[{"embeddable":true,"href":"https:\/\/www.akustikforschung.de\/en\/wp-json\/wp\/v2\/media\/8607"}],"wp:attachment":[{"href":"https:\/\/www.akustikforschung.de\/en\/wp-json\/wp\/v2\/media?parent=8535"}],"curies":[{"name":"wp","href":"https:\/\/api.w.org\/{rel}","templated":true}]}}